{"id":8158,"date":"2022-04-12T13:08:33","date_gmt":"2022-04-12T11:08:33","guid":{"rendered":"https:\/\/benjaminmoore.pl\/?post_type=product&#038;p=8158"},"modified":"2025-04-04T15:18:53","modified_gmt":"2025-04-04T13:18:53","slug":"aura-eggshell-waterborne-interior-paint-n524","status":"publish","type":"product","link":"https:\/\/beta.benjaminmoore.pl\/en\/produkt\/aura-eggshell-waterborne-interior-paint-n524\/","title":{"rendered":"Aura\u00ae Waterborne Interior Paint &#038; Primer Eggshell N524"},"content":{"rendered":"<h3><strong>AURA - WYTWORNA i ELEGANCKA. P\u00f3\u0142matowa. Po prostu PI\u0118KNA.<\/strong><\/h3>\n<p><img loading=\"lazy\" decoding=\"async\" class=\"alignnone wp-image-14204 size-full\" src=\"https:\/\/beta.benjaminmoore.pl\/wp-content\/uploads\/AURA_N524_CohesiveKitcheninRegentGreen.jpg\" alt=\"\" width=\"1800\" height=\"2143\" srcset=\"https:\/\/beta.benjaminmoore.pl\/wp-content\/uploads\/AURA_N524_CohesiveKitcheninRegentGreen.jpg 1800w, https:\/\/beta.benjaminmoore.pl\/wp-content\/uploads\/AURA_N524_CohesiveKitcheninRegentGreen-252x300.jpg 252w, https:\/\/beta.benjaminmoore.pl\/wp-content\/uploads\/AURA_N524_CohesiveKitcheninRegentGreen-860x1024.jpg 860w, https:\/\/beta.benjaminmoore.pl\/wp-content\/uploads\/AURA_N524_CohesiveKitcheninRegentGreen-768x914.jpg 768w, https:\/\/beta.benjaminmoore.pl\/wp-content\/uploads\/AURA_N524_CohesiveKitcheninRegentGreen-1290x1536.jpg 1290w, https:\/\/beta.benjaminmoore.pl\/wp-content\/uploads\/AURA_N524_CohesiveKitcheninRegentGreen-1720x2048.jpg 1720w, https:\/\/beta.benjaminmoore.pl\/wp-content\/uploads\/AURA_N524_CohesiveKitcheninRegentGreen-600x714.jpg 600w\" sizes=\"auto, (max-width: 1800px) 100vw, 1800px\" \/><\/p>\n<p><strong>Jedyna farba p\u00f3\u0142matowa, kt\u00f3ra pokazuje prawdziwy kolor o niespotykanej g\u0142\u0119bi. Sprawia, \u017ce niemal czujesz jego wyj\u0105tkowo\u015b\u0107 w dotyku.\u00a0<\/strong><\/p>\n<p><a href=\"https:\/\/www.youtube.com\/watch?v=W-dQJI6XqnU\" target=\"_blank\" rel=\"noopener\"><img loading=\"lazy\" decoding=\"async\" class=\"alignnone wp-image-13106 size-full\" src=\"https:\/\/beta.benjaminmoore.pl\/wp-content\/uploads\/Aura_N524_video.jpg\" alt=\"\" width=\"1800\" height=\"1013\" srcset=\"https:\/\/beta.benjaminmoore.pl\/wp-content\/uploads\/Aura_N524_video.jpg 1800w, https:\/\/beta.benjaminmoore.pl\/wp-content\/uploads\/Aura_N524_video-300x169.jpg 300w, https:\/\/beta.benjaminmoore.pl\/wp-content\/uploads\/Aura_N524_video-1024x576.jpg 1024w, https:\/\/beta.benjaminmoore.pl\/wp-content\/uploads\/Aura_N524_video-768x432.jpg 768w, https:\/\/beta.benjaminmoore.pl\/wp-content\/uploads\/Aura_N524_video-1536x864.jpg 1536w, https:\/\/beta.benjaminmoore.pl\/wp-content\/uploads\/Aura_N524_video-600x338.jpg 600w\" sizes=\"auto, (max-width: 1800px) 100vw, 1800px\" \/><\/a><\/p>\n<p style=\"text-align: justify;\">Wodorozcie\u0144czalna, wewn\u0119trzna, lateksowa farba akrylowa z rewolucyjn\u0105, opatentowan\u0105 technologi\u0105 \u201eColorLock<sup>\u00ae<\/sup> Technology\u201d, tworz\u0105ca wyj\u0105tkowo trwa\u0142e, p\u00f3\u0142matowe wyko\u0144czenie o niespotykanej elegancji i g\u0142\u0119bi koloru, sile krycia oraz odporno\u015bci na zmywanie i szorowanie.<\/p>\n<p><img loading=\"lazy\" decoding=\"async\" class=\"alignnone wp-image-12019 size-full\" src=\"https:\/\/beta.benjaminmoore.pl\/wp-content\/uploads\/23-988607_InternationalSocialImages-Fall2022-ResizeandLogo-1080x1080_SmallSpaces6.jpg\" alt=\"\" width=\"1700\" height=\"1572\" srcset=\"https:\/\/beta.benjaminmoore.pl\/wp-content\/uploads\/23-988607_InternationalSocialImages-Fall2022-ResizeandLogo-1080x1080_SmallSpaces6.jpg 1700w, https:\/\/beta.benjaminmoore.pl\/wp-content\/uploads\/23-988607_InternationalSocialImages-Fall2022-ResizeandLogo-1080x1080_SmallSpaces6-300x277.jpg 300w, https:\/\/beta.benjaminmoore.pl\/wp-content\/uploads\/23-988607_InternationalSocialImages-Fall2022-ResizeandLogo-1080x1080_SmallSpaces6-1024x947.jpg 1024w, https:\/\/beta.benjaminmoore.pl\/wp-content\/uploads\/23-988607_InternationalSocialImages-Fall2022-ResizeandLogo-1080x1080_SmallSpaces6-768x710.jpg 768w, https:\/\/beta.benjaminmoore.pl\/wp-content\/uploads\/23-988607_InternationalSocialImages-Fall2022-ResizeandLogo-1080x1080_SmallSpaces6-1536x1420.jpg 1536w, https:\/\/beta.benjaminmoore.pl\/wp-content\/uploads\/23-988607_InternationalSocialImages-Fall2022-ResizeandLogo-1080x1080_SmallSpaces6-600x555.jpg 600w\" sizes=\"auto, (max-width: 1700px) 100vw, 1700px\" \/><\/p>\n<p style=\"text-align: justify;\"><strong>Innowacyjny system zapewniaj\u0105cy niespotykan\u0105 g\u0142\u0119bi\u0119 i trwa\u0142o\u015b\u0107 koloru oraz doskona\u0142e parametry techniczne wyznacza nowe standardy i wyr\u00f3\u017cnia farby Aura<sup>\u00ae <\/sup>spo\u015br\u00f3d innych produkt\u00f3w dost\u0119pnych na rynku, przenosz\u0105c jako\u015b\u0107 farb akrylowych na nowy poziom.<\/strong> Wszystko za spraw\u0105 mikrokapsu\u0142ek z pigmentami zamkni\u0119tymi w ich wn\u0119trzu.<\/p>\n<p><img loading=\"lazy\" decoding=\"async\" class=\"alignnone wp-image-14206 size-full\" src=\"https:\/\/beta.benjaminmoore.pl\/wp-content\/uploads\/Aura_N524_CohesiveandContemporaryLivingRoominAntiquePewter.jpg\" alt=\"\" width=\"1800\" height=\"2225\" srcset=\"https:\/\/beta.benjaminmoore.pl\/wp-content\/uploads\/Aura_N524_CohesiveandContemporaryLivingRoominAntiquePewter.jpg 1800w, https:\/\/beta.benjaminmoore.pl\/wp-content\/uploads\/Aura_N524_CohesiveandContemporaryLivingRoominAntiquePewter-243x300.jpg 243w, https:\/\/beta.benjaminmoore.pl\/wp-content\/uploads\/Aura_N524_CohesiveandContemporaryLivingRoominAntiquePewter-828x1024.jpg 828w, https:\/\/beta.benjaminmoore.pl\/wp-content\/uploads\/Aura_N524_CohesiveandContemporaryLivingRoominAntiquePewter-768x949.jpg 768w, https:\/\/beta.benjaminmoore.pl\/wp-content\/uploads\/Aura_N524_CohesiveandContemporaryLivingRoominAntiquePewter-1243x1536.jpg 1243w, https:\/\/beta.benjaminmoore.pl\/wp-content\/uploads\/Aura_N524_CohesiveandContemporaryLivingRoominAntiquePewter-1657x2048.jpg 1657w, https:\/\/beta.benjaminmoore.pl\/wp-content\/uploads\/Aura_N524_CohesiveandContemporaryLivingRoominAntiquePewter-600x742.jpg 600w\" sizes=\"auto, (max-width: 1800px) 100vw, 1800px\" \/><\/p>\n<p style=\"text-align: justify;\">Bezpieczna, ekologiczna receptura ze \u015bladow\u0105 zawarto\u015bci\u0105 LZO* zapewnia znikomy zapach.<\/p>\n<p style=\"text-align: justify;\">Farba dost\u0119pna jest pe\u0142nej gamie odcieni marki Benjamin Moore, r\u00f3wnie\u017c w niezwyk\u0142ej palecie <a href=\"https:\/\/beta.benjaminmoore.pl\/kolor-inspiracje\/color-stories\/\" target=\"_blank\" rel=\"noopener\"><strong>COLOR STORIES\u00ae<\/strong><\/a><\/p>\n<p><img loading=\"lazy\" decoding=\"async\" class=\"alignnone wp-image-12342 size-full\" src=\"https:\/\/beta.benjaminmoore.pl\/wp-content\/uploads\/20-358557_Image-Resizing-for-PR-Requests-11.jpg\" alt=\"\" width=\"1800\" height=\"2147\" srcset=\"https:\/\/beta.benjaminmoore.pl\/wp-content\/uploads\/20-358557_Image-Resizing-for-PR-Requests-11.jpg 1800w, https:\/\/beta.benjaminmoore.pl\/wp-content\/uploads\/20-358557_Image-Resizing-for-PR-Requests-11-252x300.jpg 252w, https:\/\/beta.benjaminmoore.pl\/wp-content\/uploads\/20-358557_Image-Resizing-for-PR-Requests-11-859x1024.jpg 859w, https:\/\/beta.benjaminmoore.pl\/wp-content\/uploads\/20-358557_Image-Resizing-for-PR-Requests-11-768x916.jpg 768w, https:\/\/beta.benjaminmoore.pl\/wp-content\/uploads\/20-358557_Image-Resizing-for-PR-Requests-11-1288x1536.jpg 1288w, https:\/\/beta.benjaminmoore.pl\/wp-content\/uploads\/20-358557_Image-Resizing-for-PR-Requests-11-1717x2048.jpg 1717w, https:\/\/beta.benjaminmoore.pl\/wp-content\/uploads\/20-358557_Image-Resizing-for-PR-Requests-11-600x716.jpg 600w\" sizes=\"auto, (max-width: 1800px) 100vw, 1800px\" \/><\/p>\n<p style=\"text-align: justify;\">Produkt przeznaczony do dekoracyjno-ochronnego malowania \u015bcian wewn\u0119trznych oraz element\u00f3w wyposa\u017cenia wn\u0119trz (np. drzwi, mebli, szafek, futryn, listew). Produkt mo\u017ce by\u0107 r\u00f3wnie\u017c stosowany do malowania wn\u0119trz kuchennych.<\/p>\n<hr \/>\n<p style=\"text-align: justify;\"><span style=\"font-size: x-small;\"><em>* Produkt zawiera \u015bladowe ilo\u015bci LZO zgodnie z wytycznymi \u201cThe European Council of the Paint, Printing Ink, and Artist\u2019s Colours Industry\u201d (CEPE) oraz \u201cBritish Coating Federation\u201d. Kat. A\/a. Dopuszczalna zawarto\u015b\u0107 LZO od 2010 r. \u2013 30 g\/l. Produkt zawiera max. 1 g\/l LZO. <\/em><\/span><\/p>\n","protected":false},"excerpt":{"rendered":"<p>Wodorozcie\u0144czalna wewn\u0119trzna, lateksowa farba akrylowa z rewolucyjn\u0105 technologi\u0105 \"ColorLock\u00ae Technology\", tworz\u0105ca wyko\u0144czenie o wyj\u0105tkowej g\u0142\u0119bi koloru, sile krycia i zmywalno\u015bci. P\u00f3\u0142mat.<\/p>\n","protected":false},"featured_media":10994,"template":"","meta":{"_acf_changed":false,"inline_featured_image":false},"product_brand":[],"product_cat":[28,36,100,46,118],"product_tag":[],"class_list":{"0":"post-8158","1":"product","2":"type-product","3":"status-publish","4":"has-post-thumbnail","6":"product_cat-wnetrza","7":"product_cat-farby","8":"product_cat-prawdziwa-glebia-koloru","9":"product_cat-farby-zmywalne","10":"product_cat-farby-polmatowe","12":"first","13":"instock","14":"taxable","15":"shipping-taxable","16":"purchasable","17":"product-type-variable"},"acf":[],"_links":{"self":[{"href":"https:\/\/beta.benjaminmoore.pl\/en\/wp-json\/wp\/v2\/product\/8158","targetHints":{"allow":["GET"]}}],"collection":[{"href":"https:\/\/beta.benjaminmoore.pl\/en\/wp-json\/wp\/v2\/product"}],"about":[{"href":"https:\/\/beta.benjaminmoore.pl\/en\/wp-json\/wp\/v2\/types\/product"}],"wp:featuredmedia":[{"embeddable":true,"href":"https:\/\/beta.benjaminmoore.pl\/en\/wp-json\/wp\/v2\/media\/10994"}],"wp:attachment":[{"href":"https:\/\/beta.benjaminmoore.pl\/en\/wp-json\/wp\/v2\/media?parent=8158"}],"wp:term":[{"taxonomy":"product_brand","embeddable":true,"href":"https:\/\/beta.benjaminmoore.pl\/en\/wp-json\/wp\/v2\/product_brand?post=8158"},{"taxonomy":"product_cat","embeddable":true,"href":"https:\/\/beta.benjaminmoore.pl\/en\/wp-json\/wp\/v2\/product_cat?post=8158"},{"taxonomy":"product_tag","embeddable":true,"href":"https:\/\/beta.benjaminmoore.pl\/en\/wp-json\/wp\/v2\/product_tag?post=8158"}],"curies":[{"name":"wp","href":"https:\/\/api.w.org\/{rel}","templated":true}]}}