{"id":781,"date":"2021-06-28T21:53:40","date_gmt":"2021-06-28T19:53:40","guid":{"rendered":"https:\/\/serwer2121761.home.pl\/autoinstalator\/wordpressplugins2\/?post_type=product&#038;p=781"},"modified":"2025-02-28T12:41:29","modified_gmt":"2025-02-28T11:41:29","slug":"stix-waterborne-bonding-primer-sxa-110","status":"publish","type":"product","link":"https:\/\/beta.benjaminmoore.pl\/en\/produkt\/stix-waterborne-bonding-primer-sxa-110\/","title":{"rendered":"STIX\u00ae Waterborne Bonding Primer SXA-110"},"content":{"rendered":"<p><img loading=\"lazy\" decoding=\"async\" class=\"alignnone wp-image-12490 size-full\" src=\"https:\/\/beta.benjaminmoore.pl\/wp-content\/uploads\/benjamin_moore_tablicowka_dzieci-2.jpg\" alt=\"\" width=\"1800\" height=\"1335\" srcset=\"https:\/\/beta.benjaminmoore.pl\/wp-content\/uploads\/benjamin_moore_tablicowka_dzieci-2.jpg 1800w, https:\/\/beta.benjaminmoore.pl\/wp-content\/uploads\/benjamin_moore_tablicowka_dzieci-2-300x223.jpg 300w, https:\/\/beta.benjaminmoore.pl\/wp-content\/uploads\/benjamin_moore_tablicowka_dzieci-2-1024x759.jpg 1024w, https:\/\/beta.benjaminmoore.pl\/wp-content\/uploads\/benjamin_moore_tablicowka_dzieci-2-768x570.jpg 768w, https:\/\/beta.benjaminmoore.pl\/wp-content\/uploads\/benjamin_moore_tablicowka_dzieci-2-1536x1139.jpg 1536w, https:\/\/beta.benjaminmoore.pl\/wp-content\/uploads\/benjamin_moore_tablicowka_dzieci-2-600x445.jpg 600w\" sizes=\"auto, (max-width: 1800px) 100vw, 1800px\" \/><\/p>\n<h3>Grunt to nowe mo\u017cliwo\u015bci...<\/h3>\n<p style=\"text-align: justify;\"><strong>Pomaluj szyby, p\u0142ytki ceramiczne, plastik, lod\u00f3wk\u0119, b\u0142yszcz\u0105ce szafki, a nawet stary telewizor\u2026 Z naszym \u201eSUPER-gruntem\u201d wszystko jest mo\u017cliwe!<\/strong><\/p>\n<p><img loading=\"lazy\" decoding=\"async\" class=\"alignnone wp-image-12493 size-full\" src=\"https:\/\/beta.benjaminmoore.pl\/wp-content\/uploads\/Stix_1.jpg\" alt=\"\" width=\"1800\" height=\"1800\" srcset=\"https:\/\/beta.benjaminmoore.pl\/wp-content\/uploads\/Stix_1.jpg 1800w, https:\/\/beta.benjaminmoore.pl\/wp-content\/uploads\/Stix_1-300x300.jpg 300w, https:\/\/beta.benjaminmoore.pl\/wp-content\/uploads\/Stix_1-1024x1024.jpg 1024w, https:\/\/beta.benjaminmoore.pl\/wp-content\/uploads\/Stix_1-150x150.jpg 150w, https:\/\/beta.benjaminmoore.pl\/wp-content\/uploads\/Stix_1-768x768.jpg 768w, https:\/\/beta.benjaminmoore.pl\/wp-content\/uploads\/Stix_1-1536x1536.jpg 1536w, https:\/\/beta.benjaminmoore.pl\/wp-content\/uploads\/Stix_1-600x600.jpg 600w, https:\/\/beta.benjaminmoore.pl\/wp-content\/uploads\/Stix_1-100x100.jpg 100w\" sizes=\"auto, (max-width: 1800px) 100vw, 1800px\" \/><\/p>\n<p style=\"text-align: justify;\"><strong>\u201eSTIX\u00ae Waterborne Bonding Primer SXA-110 to wodorozcie\u0144czalna, akrylowo-uretanowa farba gruntuj\u0105ca pe\u0142ni\u0105ca rol\u0119 \"PROMOTORA ADHEZJI\" (przyczepno\u015bci).<\/strong><\/p>\n<p><img loading=\"lazy\" decoding=\"async\" class=\"alignnone wp-image-14538 size-full\" src=\"https:\/\/beta.benjaminmoore.pl\/wp-content\/uploads\/Benjamin-Moore-mirror-Stix.jpg\" alt=\"\" width=\"1800\" height=\"1075\" srcset=\"https:\/\/beta.benjaminmoore.pl\/wp-content\/uploads\/Benjamin-Moore-mirror-Stix.jpg 1800w, https:\/\/beta.benjaminmoore.pl\/wp-content\/uploads\/Benjamin-Moore-mirror-Stix-300x179.jpg 300w, https:\/\/beta.benjaminmoore.pl\/wp-content\/uploads\/Benjamin-Moore-mirror-Stix-1024x612.jpg 1024w, https:\/\/beta.benjaminmoore.pl\/wp-content\/uploads\/Benjamin-Moore-mirror-Stix-768x459.jpg 768w, https:\/\/beta.benjaminmoore.pl\/wp-content\/uploads\/Benjamin-Moore-mirror-Stix-1536x917.jpg 1536w, https:\/\/beta.benjaminmoore.pl\/wp-content\/uploads\/Benjamin-Moore-mirror-Stix-600x358.jpg 600w\" sizes=\"auto, (max-width: 1800px) 100vw, 1800px\" \/><\/p>\n<p>Produkt pozwala na zagruntowanie (i p\u00f3\u017aniejsze pomalowanie farb\u0105 lub emali\u0105) wielu nietypowych pod\u0142o\u017cy, np. bardzo g\u0142adkich i b\u0142yszcz\u0105cych.<\/p>\n<p><img loading=\"lazy\" decoding=\"async\" class=\"alignnone wp-image-12495 size-full\" src=\"https:\/\/beta.benjaminmoore.pl\/wp-content\/uploads\/Stix_3-1.jpg\" alt=\"\" width=\"1800\" height=\"1800\" srcset=\"https:\/\/beta.benjaminmoore.pl\/wp-content\/uploads\/Stix_3-1.jpg 1800w, https:\/\/beta.benjaminmoore.pl\/wp-content\/uploads\/Stix_3-1-300x300.jpg 300w, https:\/\/beta.benjaminmoore.pl\/wp-content\/uploads\/Stix_3-1-1024x1024.jpg 1024w, https:\/\/beta.benjaminmoore.pl\/wp-content\/uploads\/Stix_3-1-150x150.jpg 150w, https:\/\/beta.benjaminmoore.pl\/wp-content\/uploads\/Stix_3-1-768x768.jpg 768w, https:\/\/beta.benjaminmoore.pl\/wp-content\/uploads\/Stix_3-1-1536x1536.jpg 1536w, https:\/\/beta.benjaminmoore.pl\/wp-content\/uploads\/Stix_3-1-600x600.jpg 600w, https:\/\/beta.benjaminmoore.pl\/wp-content\/uploads\/Stix_3-1-100x100.jpg 100w\" sizes=\"auto, (max-width: 1800px) 100vw, 1800px\" \/><\/p>\n<p style=\"text-align: justify;\"><strong>STIX zapewnia niespotykan\u0105 przyczepno\u015b\u0107 do wi\u0119kszo\u015bci problematycznych pod\u0142o\u017cy eksponowanych wewn\u0105trz i na zewn\u0105trz budynk\u00f3w: <\/strong>PVC, tworzyw sztucznych (z wyj\u0105tkiem polipropylenu PP, polietylenu PE i Kynaru PVDF), szk\u0142a, p\u0142ytek ceramicznych, ok\u0142adzin szkliwionych, w\u0142\u00f3kna szklanego, stali ocynkowanej, aluminium.<\/p>\n<p><img loading=\"lazy\" decoding=\"async\" class=\"alignnone wp-image-12497 size-full\" src=\"https:\/\/beta.benjaminmoore.pl\/wp-content\/uploads\/Stix_2-1.jpg\" alt=\"\" width=\"1800\" height=\"1800\" srcset=\"https:\/\/beta.benjaminmoore.pl\/wp-content\/uploads\/Stix_2-1.jpg 1800w, https:\/\/beta.benjaminmoore.pl\/wp-content\/uploads\/Stix_2-1-300x300.jpg 300w, https:\/\/beta.benjaminmoore.pl\/wp-content\/uploads\/Stix_2-1-1024x1024.jpg 1024w, https:\/\/beta.benjaminmoore.pl\/wp-content\/uploads\/Stix_2-1-150x150.jpg 150w, https:\/\/beta.benjaminmoore.pl\/wp-content\/uploads\/Stix_2-1-768x768.jpg 768w, https:\/\/beta.benjaminmoore.pl\/wp-content\/uploads\/Stix_2-1-1536x1536.jpg 1536w, https:\/\/beta.benjaminmoore.pl\/wp-content\/uploads\/Stix_2-1-600x600.jpg 600w, https:\/\/beta.benjaminmoore.pl\/wp-content\/uploads\/Stix_2-1-100x100.jpg 100w\" sizes=\"auto, (max-width: 1800px) 100vw, 1800px\" \/><\/p>\n<p style=\"text-align: justify;\">Farba gruntuj\u0105ca mo\u017ce by\u0107 r\u00f3wnie\u017c stosowana do gruntowania tynk\u00f3w mineralnych, p\u0142yt gipsowo-kartonowych, metali nie\u017celaznych oraz fragmentarycznego gruntowania pod\u0142o\u017cy drewnianych (tak\u017ce cedru i sekwoi) w warunkach, w kt\u00f3rych niska temperatura pod\u0142o\u017ca stanowi problem do stosowania konwencjonalnych grunt\u00f3w.<\/p>\n<p>STIX nie jest polecany do przygotowania wi\u0119kszych powierzchni drewnianych, np. ca\u0142ych elewacji oraz taras\u00f3w.<\/p>\n","protected":false},"excerpt":{"rendered":"<p style=\"text-align: justify;\">Farba gruntuj\u0105ca o niesamowitej przyczepno\u015bci do szk\u0142a, p\u0142ytek ceramicznych i innych trudnych pod\u0142o\u017cy wewn\u0119trznych i zewn\u0119trznych.<\/p>\n","protected":false},"featured_media":3654,"template":"","meta":{"_acf_changed":false,"inline_featured_image":false},"product_brand":[],"product_cat":[28,80,29,37,62,79,81,30,54,85,32,77,91],"product_tag":[],"class_list":{"0":"post-781","1":"product","2":"type-product","3":"status-publish","4":"has-post-thumbnail","6":"product_cat-wnetrza","7":"product_cat-wewnatrz","8":"product_cat-drewno","9":"product_cat-grunty","10":"product_cat-grunty-elewacje","11":"product_cat-grunty-metal","12":"product_cat-na-zewnatrz","13":"product_cat-elewacje","14":"product_cat-super-przyczepnosc","15":"product_cat-grunty-wewnatrz","16":"product_cat-metal","17":"product_cat-super-przyczepnosc-grunty-elewacje","18":"product_cat-grunty-na-zewnatrz","20":"first","21":"instock","22":"taxable","23":"shipping-taxable","24":"purchasable","25":"product-type-variable"},"acf":[],"_links":{"self":[{"href":"https:\/\/beta.benjaminmoore.pl\/en\/wp-json\/wp\/v2\/product\/781","targetHints":{"allow":["GET"]}}],"collection":[{"href":"https:\/\/beta.benjaminmoore.pl\/en\/wp-json\/wp\/v2\/product"}],"about":[{"href":"https:\/\/beta.benjaminmoore.pl\/en\/wp-json\/wp\/v2\/types\/product"}],"wp:featuredmedia":[{"embeddable":true,"href":"https:\/\/beta.benjaminmoore.pl\/en\/wp-json\/wp\/v2\/media\/3654"}],"wp:attachment":[{"href":"https:\/\/beta.benjaminmoore.pl\/en\/wp-json\/wp\/v2\/media?parent=781"}],"wp:term":[{"taxonomy":"product_brand","embeddable":true,"href":"https:\/\/beta.benjaminmoore.pl\/en\/wp-json\/wp\/v2\/product_brand?post=781"},{"taxonomy":"product_cat","embeddable":true,"href":"https:\/\/beta.benjaminmoore.pl\/en\/wp-json\/wp\/v2\/product_cat?post=781"},{"taxonomy":"product_tag","embeddable":true,"href":"https:\/\/beta.benjaminmoore.pl\/en\/wp-json\/wp\/v2\/product_tag?post=781"}],"curies":[{"name":"wp","href":"https:\/\/api.w.org\/{rel}","templated":true}]}}