{"id":772,"date":"2021-06-28T21:42:04","date_gmt":"2021-06-28T19:42:04","guid":{"rendered":"https:\/\/serwer2121761.home.pl\/autoinstalator\/wordpressplugins2\/?post_type=product&#038;p=772"},"modified":"2024-07-25T18:30:04","modified_gmt":"2024-07-25T16:30:04","slug":"corotech-clear-acrylic-sealer-v027","status":"publish","type":"product","link":"https:\/\/beta.benjaminmoore.pl\/en\/produkt\/corotech-clear-acrylic-sealer-v027\/","title":{"rendered":"Corotech\u00ae Clear Acrylic Sealer V027"},"content":{"rendered":"<p><img loading=\"lazy\" decoding=\"async\" class=\"alignnone wp-image-12434 size-full\" src=\"https:\/\/beta.benjaminmoore.pl\/wp-content\/uploads\/Corotech_V027_3.jpg\" alt=\"\" width=\"1800\" height=\"1151\" srcset=\"https:\/\/beta.benjaminmoore.pl\/wp-content\/uploads\/Corotech_V027_3.jpg 1800w, https:\/\/beta.benjaminmoore.pl\/wp-content\/uploads\/Corotech_V027_3-300x192.jpg 300w, https:\/\/beta.benjaminmoore.pl\/wp-content\/uploads\/Corotech_V027_3-1024x655.jpg 1024w, https:\/\/beta.benjaminmoore.pl\/wp-content\/uploads\/Corotech_V027_3-768x491.jpg 768w, https:\/\/beta.benjaminmoore.pl\/wp-content\/uploads\/Corotech_V027_3-1536x982.jpg 1536w, https:\/\/beta.benjaminmoore.pl\/wp-content\/uploads\/Corotech_V027_3-600x384.jpg 600w\" sizes=\"auto, (max-width: 1800px) 100vw, 1800px\" \/><\/p>\n<p style=\"text-align: justify;\"><strong>Os\u0142abione g\u0142adzie gipsowe i tynki mineralne to \u017caden problem!<\/strong><\/p>\n<p><strong>Cz\u0119sto spotykany widok... Pyl\u0105ca g\u0142ad\u017a gipsowa na \u015bcianie - bia\u0142y py\u0142 po przetarciu d\u0142oni\u0105. <\/strong>Ka\u017cda pr\u00f3ba omini\u0119cia problemu i zastosowanie farby gruntuj\u0105cej najprawdopodobniej zako\u0144czy si\u0119 pora\u017ck\u0105. Je\u017celi nie przy obecnym malowaniu, to podczas kolejnego.<\/p>\n<p><img loading=\"lazy\" decoding=\"async\" class=\"alignnone wp-image-5885 size-full\" src=\"https:\/\/beta.benjaminmoore.pl\/wp-content\/uploads\/Corotech_V027_pylace_podloze.jpg\" alt=\"\" width=\"1338\" height=\"750\" srcset=\"https:\/\/beta.benjaminmoore.pl\/wp-content\/uploads\/Corotech_V027_pylace_podloze.jpg 1338w, https:\/\/beta.benjaminmoore.pl\/wp-content\/uploads\/Corotech_V027_pylace_podloze-600x336.jpg 600w, https:\/\/beta.benjaminmoore.pl\/wp-content\/uploads\/Corotech_V027_pylace_podloze-300x168.jpg 300w, https:\/\/beta.benjaminmoore.pl\/wp-content\/uploads\/Corotech_V027_pylace_podloze-1024x574.jpg 1024w, https:\/\/beta.benjaminmoore.pl\/wp-content\/uploads\/Corotech_V027_pylace_podloze-768x430.jpg 768w\" sizes=\"auto, (max-width: 1338px) 100vw, 1338px\" \/><\/p>\n<p style=\"text-align: justify;\"><strong>Nie ryzykuj. Teraz masz do dyspozycji preparat COROTECH<sup>\u00ae<\/sup> CLEAR ACRYLIC SEALER V027, dzi\u0119ki kt\u00f3remu zapomnisz o problemach widocznych poni\u017cej.<\/strong><\/p>\n<p><img loading=\"lazy\" decoding=\"async\" class=\"alignnone wp-image-12436 size-full\" src=\"https:\/\/beta.benjaminmoore.pl\/wp-content\/uploads\/Corotech_V027_1.jpg\" alt=\"\" width=\"1800\" height=\"1363\" srcset=\"https:\/\/beta.benjaminmoore.pl\/wp-content\/uploads\/Corotech_V027_1.jpg 1800w, https:\/\/beta.benjaminmoore.pl\/wp-content\/uploads\/Corotech_V027_1-300x227.jpg 300w, https:\/\/beta.benjaminmoore.pl\/wp-content\/uploads\/Corotech_V027_1-1024x775.jpg 1024w, https:\/\/beta.benjaminmoore.pl\/wp-content\/uploads\/Corotech_V027_1-768x582.jpg 768w, https:\/\/beta.benjaminmoore.pl\/wp-content\/uploads\/Corotech_V027_1-1536x1163.jpg 1536w, https:\/\/beta.benjaminmoore.pl\/wp-content\/uploads\/Corotech_V027_1-600x454.jpg 600w\" sizes=\"auto, (max-width: 1800px) 100vw, 1800px\" \/><\/p>\n<p style=\"text-align: justify;\"><strong>\u201eCOROTECH\u00ae Clear Acrylic Sealer V027\u201d to wodorozcie\u0144czalny, transparentny preparat akrylowy<\/strong>, przeznaczony do gruntowania pod\u0142o\u017cy budowlanych eksponowanych wewn\u0105trz i na zewn\u0105trz budynk\u00f3w.<\/p>\n<p style=\"text-align: justify;\"><strong>Z uwagi na doskona\u0142e w\u0142a\u015bciwo\u015bci penetruj\u0105ce i wzmacniaj\u0105ce, produkt jest szczeg\u00f3lnie polecany jako pierwsza warstwa konsoliduj\u0105ca na g\u0142adziach gipsowych oraz os\u0142abionych tynkach mineralnych przed aplikacj\u0105 odpowiedniej farby gruntuj\u0105cej marki Benjamin Moore.<\/strong><\/p>\n<p><img loading=\"lazy\" decoding=\"async\" class=\"alignnone wp-image-5889\" src=\"https:\/\/beta.benjaminmoore.pl\/wp-content\/uploads\/Tynk_2.jpg\" alt=\"\" width=\"1400\" height=\"896\" srcset=\"https:\/\/beta.benjaminmoore.pl\/wp-content\/uploads\/Tynk_2.jpg 536w, https:\/\/beta.benjaminmoore.pl\/wp-content\/uploads\/Tynk_2-300x192.jpg 300w\" sizes=\"auto, (max-width: 1400px) 100vw, 1400px\" \/><\/p>\n<p style=\"text-align: justify;\">Je\u017celi pod\u0142o\u017ce nie wymaga scalenia kolorystycznego, preparat \u201eCOROTECH\u00ae Clear Acrylic Sealer V027\u201d mo\u017ce stanowi\u0107 jedyn\u0105 warstw\u0119 gruntuj\u0105c\u0105 (przed aplikacj\u0105 farby nawierzchniowej).<\/p>\n<p style=\"text-align: justify;\"><strong>Produkt mo\u017ce pe\u0142ni\u0107 rol\u0119 warstwy ochronnej na wymalowaniach lub tynkach akrylowych oraz na efektach dekoracyjnych<\/strong> (podbarwiony mo\u017ce zosta\u0107 u\u017cyty jako samodzielna bejca dekoracyjna do wykonywania przecierek, r\u00f3wnie\u017c na elewacjach).<\/p>\n<p><img loading=\"lazy\" decoding=\"async\" class=\"alignnone wp-image-12438 size-full\" src=\"https:\/\/beta.benjaminmoore.pl\/wp-content\/uploads\/Corotech_V027_4.jpg\" alt=\"\" width=\"1800\" height=\"1063\" srcset=\"https:\/\/beta.benjaminmoore.pl\/wp-content\/uploads\/Corotech_V027_4.jpg 1800w, https:\/\/beta.benjaminmoore.pl\/wp-content\/uploads\/Corotech_V027_4-300x177.jpg 300w, https:\/\/beta.benjaminmoore.pl\/wp-content\/uploads\/Corotech_V027_4-1024x605.jpg 1024w, https:\/\/beta.benjaminmoore.pl\/wp-content\/uploads\/Corotech_V027_4-768x454.jpg 768w, https:\/\/beta.benjaminmoore.pl\/wp-content\/uploads\/Corotech_V027_4-1536x907.jpg 1536w, https:\/\/beta.benjaminmoore.pl\/wp-content\/uploads\/Corotech_V027_4-600x354.jpg 600w\" sizes=\"auto, (max-width: 1800px) 100vw, 1800px\" \/><\/p>\n<p style=\"text-align: justify;\"><strong>Na niekt\u00f3rych pionowych pod\u0142o\u017cach drewnianych, preparat mo\u017ce pe\u0142ni\u0107 rol\u0119 lakieru ochronnego.<\/strong><\/p>\n<p style=\"text-align: justify;\">Zaimpregnowane pod\u0142o\u017ca zewn\u0119trzne wykazuj\u0105 doskona\u0142\u0105 trwa\u0142o\u015b\u0107 i wysok\u0105 odporno\u015b\u0107 na dzia\u0142anie czynnik\u00f3w atmosferycznych, tworzenie p\u0119cherzy, wykwity solne i kredowanie. Preparat cechuje \u0142atwo\u015b\u0107 aplikacji i kr\u00f3tki czas schni\u0119cia.<\/p>\n<p style=\"text-align: justify;\">W przypadku zasadniczego przeznaczenia tzn. gruntowania surowego pod\u0142o\u017ca, preparat rozcie\u0144czany jest wod\u0105 w zasadniczej proporcji 1:1 \u2013 1:2 (w przypadku bardzo ch\u0142onnych pod\u0142o\u017cy nawet 1:4) zale\u017cnie od rodzaju pod\u0142o\u017ca, stanu zachowania oraz ch\u0142onno\u015bci.<\/p>\n","protected":false},"excerpt":{"rendered":"<p style=\"text-align: justify;\">Najlepszy na rynku preparat gruntuj\u0105cy do wzmacniania g\u0142adzi gipsowych i os\u0142abionych tynk\u00f3w!<\/p>\n","protected":false},"featured_media":3620,"template":"","meta":{"_acf_changed":false,"inline_featured_image":false},"product_brand":[],"product_cat":[28,52,37,62,73,30],"product_tag":[],"class_list":{"0":"post-772","1":"product","2":"type-product","3":"status-publish","4":"has-post-thumbnail","6":"product_cat-wnetrza","7":"product_cat-gladz-gips-swiezy-tynk","8":"product_cat-grunty","9":"product_cat-grunty-elewacje","10":"product_cat-niemalowane-podloze","11":"product_cat-elewacje","13":"first","14":"instock","15":"taxable","16":"shipping-taxable","17":"purchasable","18":"product-type-variable"},"acf":[],"_links":{"self":[{"href":"https:\/\/beta.benjaminmoore.pl\/en\/wp-json\/wp\/v2\/product\/772","targetHints":{"allow":["GET"]}}],"collection":[{"href":"https:\/\/beta.benjaminmoore.pl\/en\/wp-json\/wp\/v2\/product"}],"about":[{"href":"https:\/\/beta.benjaminmoore.pl\/en\/wp-json\/wp\/v2\/types\/product"}],"wp:featuredmedia":[{"embeddable":true,"href":"https:\/\/beta.benjaminmoore.pl\/en\/wp-json\/wp\/v2\/media\/3620"}],"wp:attachment":[{"href":"https:\/\/beta.benjaminmoore.pl\/en\/wp-json\/wp\/v2\/media?parent=772"}],"wp:term":[{"taxonomy":"product_brand","embeddable":true,"href":"https:\/\/beta.benjaminmoore.pl\/en\/wp-json\/wp\/v2\/product_brand?post=772"},{"taxonomy":"product_cat","embeddable":true,"href":"https:\/\/beta.benjaminmoore.pl\/en\/wp-json\/wp\/v2\/product_cat?post=772"},{"taxonomy":"product_tag","embeddable":true,"href":"https:\/\/beta.benjaminmoore.pl\/en\/wp-json\/wp\/v2\/product_tag?post=772"}],"curies":[{"name":"wp","href":"https:\/\/api.w.org\/{rel}","templated":true}]}}