{"id":653,"date":"2021-06-28T18:07:08","date_gmt":"2021-06-28T16:07:08","guid":{"rendered":"https:\/\/serwer2121761.home.pl\/autoinstalator\/wordpressplugins2\/?post_type=product&#038;p=653"},"modified":"2024-04-29T14:00:52","modified_gmt":"2024-04-29T12:00:52","slug":"czarne-przetarcia-ultra-spec-scuff-x-interior-matte-finish-484","status":"publish","type":"product","link":"https:\/\/beta.benjaminmoore.pl\/en\/produkt\/czarne-przetarcia-ultra-spec-scuff-x-interior-matte-finish-484\/","title":{"rendered":"Ultra Spec\u00ae SCUFF-X\u00ae Interior Matte Finish 484"},"content":{"rendered":"<p><img loading=\"lazy\" decoding=\"async\" class=\"alignnone wp-image-5719 size-full\" src=\"https:\/\/beta.benjaminmoore.pl\/wp-content\/uploads\/bm_baner_www_scuff-x_11-2019_2.jpg\" alt=\"\" width=\"1418\" height=\"520\" srcset=\"https:\/\/beta.benjaminmoore.pl\/wp-content\/uploads\/bm_baner_www_scuff-x_11-2019_2.jpg 1418w, https:\/\/beta.benjaminmoore.pl\/wp-content\/uploads\/bm_baner_www_scuff-x_11-2019_2-600x220.jpg 600w, https:\/\/beta.benjaminmoore.pl\/wp-content\/uploads\/bm_baner_www_scuff-x_11-2019_2-300x110.jpg 300w, https:\/\/beta.benjaminmoore.pl\/wp-content\/uploads\/bm_baner_www_scuff-x_11-2019_2-1024x376.jpg 1024w, https:\/\/beta.benjaminmoore.pl\/wp-content\/uploads\/bm_baner_www_scuff-x_11-2019_2-768x282.jpg 768w\" sizes=\"auto, (max-width: 1418px) 100vw, 1418px\" \/><\/p>\n<h3><strong>Czarne przetarcia? nie ze SCUFF-X !<\/strong><\/h3>\n<p style=\"text-align: justify;\"><strong>Nie potrzebujemy magicznej r\u00f3\u017cd\u017cki, by usun\u0105\u0107 czarne przetarcia. <\/strong><strong>Na \u015bcianach pomalowanych <\/strong><strong>farb\u0105 Scuff-X&#x2122; marki Benjamin Moore z rewolucyjn\u0105 technologi\u0105 <\/strong><strong>\u201e<\/strong><strong>Scuff-Resistant<\/strong><strong>\u201d<\/strong><strong> \u015blady te po prostu\u2026 nie powstaj\u0105!<\/strong><\/p>\n<p><a href=\"https:\/\/www.youtube.com\/watch?v=ebPvYdZRwmY\" target=\"_blank\" rel=\"noopener\"><img loading=\"lazy\" decoding=\"async\" class=\"alignnone wp-image-13115 size-full\" src=\"https:\/\/beta.benjaminmoore.pl\/wp-content\/uploads\/Benjamin-Moore-Scuff-X-Resists-The-Toughest-Skateboard-Marks-przycisk2.jpg\" alt=\"\" width=\"1800\" height=\"1013\" srcset=\"https:\/\/beta.benjaminmoore.pl\/wp-content\/uploads\/Benjamin-Moore-Scuff-X-Resists-The-Toughest-Skateboard-Marks-przycisk2.jpg 1800w, https:\/\/beta.benjaminmoore.pl\/wp-content\/uploads\/Benjamin-Moore-Scuff-X-Resists-The-Toughest-Skateboard-Marks-przycisk2-300x169.jpg 300w, https:\/\/beta.benjaminmoore.pl\/wp-content\/uploads\/Benjamin-Moore-Scuff-X-Resists-The-Toughest-Skateboard-Marks-przycisk2-1024x576.jpg 1024w, https:\/\/beta.benjaminmoore.pl\/wp-content\/uploads\/Benjamin-Moore-Scuff-X-Resists-The-Toughest-Skateboard-Marks-przycisk2-768x432.jpg 768w, https:\/\/beta.benjaminmoore.pl\/wp-content\/uploads\/Benjamin-Moore-Scuff-X-Resists-The-Toughest-Skateboard-Marks-przycisk2-1536x864.jpg 1536w, https:\/\/beta.benjaminmoore.pl\/wp-content\/uploads\/Benjamin-Moore-Scuff-X-Resists-The-Toughest-Skateboard-Marks-przycisk2-600x338.jpg 600w\" sizes=\"auto, (max-width: 1800px) 100vw, 1800px\" \/><\/a><\/p>\n<p style=\"text-align: justify;\"><strong>Hotele, szko\u0142y, sale konferencyjne, szpitale, kluby fitness \u2013 wsz\u0119dzie te czarne przetarcia\u2026\u00a0<\/strong><\/p>\n<p><img loading=\"lazy\" decoding=\"async\" class=\"alignnone wp-image-12231 size-full\" src=\"https:\/\/beta.benjaminmoore.pl\/wp-content\/uploads\/Benjamin_Moore_Scuff-X-2-2.jpg\" alt=\"\" width=\"1800\" height=\"1965\" srcset=\"https:\/\/beta.benjaminmoore.pl\/wp-content\/uploads\/Benjamin_Moore_Scuff-X-2-2.jpg 1800w, https:\/\/beta.benjaminmoore.pl\/wp-content\/uploads\/Benjamin_Moore_Scuff-X-2-2-275x300.jpg 275w, https:\/\/beta.benjaminmoore.pl\/wp-content\/uploads\/Benjamin_Moore_Scuff-X-2-2-938x1024.jpg 938w, https:\/\/beta.benjaminmoore.pl\/wp-content\/uploads\/Benjamin_Moore_Scuff-X-2-2-768x838.jpg 768w, https:\/\/beta.benjaminmoore.pl\/wp-content\/uploads\/Benjamin_Moore_Scuff-X-2-2-1407x1536.jpg 1407w, https:\/\/beta.benjaminmoore.pl\/wp-content\/uploads\/Benjamin_Moore_Scuff-X-2-2-600x655.jpg 600w\" sizes=\"auto, (max-width: 1800px) 100vw, 1800px\" \/><\/p>\n<p style=\"text-align: justify;\">Chwila nieuwagi - zarysowanie \u015bciany ci\u0119\u017ck\u0105 walizk\u0105, plastikow\u0105 sprz\u0105czk\u0105 plecaka, rur\u0105 od odkurzacza czy oparciem plastikowego krzes\u0142a i pojawia si\u0119 trwa\u0142a, czarna smuga na kt\u00f3r\u0105 najcz\u0119\u015bciej nie dzia\u0142a nawet silne szorowanie.<\/p>\n<p><img loading=\"lazy\" decoding=\"async\" class=\"alignnone wp-image-12233 size-full\" src=\"https:\/\/beta.benjaminmoore.pl\/wp-content\/uploads\/Benjamin_Moore_Scuff-X-4-2.jpg\" alt=\"\" width=\"1800\" height=\"1629\" srcset=\"https:\/\/beta.benjaminmoore.pl\/wp-content\/uploads\/Benjamin_Moore_Scuff-X-4-2.jpg 1800w, https:\/\/beta.benjaminmoore.pl\/wp-content\/uploads\/Benjamin_Moore_Scuff-X-4-2-300x272.jpg 300w, https:\/\/beta.benjaminmoore.pl\/wp-content\/uploads\/Benjamin_Moore_Scuff-X-4-2-1024x927.jpg 1024w, https:\/\/beta.benjaminmoore.pl\/wp-content\/uploads\/Benjamin_Moore_Scuff-X-4-2-768x695.jpg 768w, https:\/\/beta.benjaminmoore.pl\/wp-content\/uploads\/Benjamin_Moore_Scuff-X-4-2-1536x1390.jpg 1536w, https:\/\/beta.benjaminmoore.pl\/wp-content\/uploads\/Benjamin_Moore_Scuff-X-4-2-600x543.jpg 600w\" sizes=\"auto, (max-width: 1800px) 100vw, 1800px\" \/><\/p>\n<p style=\"text-align: justify;\"><strong>Nie ma chyba podobnych przestrzeni, w kt\u00f3rych \u015bciany codziennie tak intensywnie uderzane s\u0105 torebkami, obuwiem, paskami lub innymi cz\u0119\u015bciami garderoby.<\/strong><\/p>\n<p style=\"text-align: justify;\">Farby Scuff-X pokochali w\u0142a\u015bciciele sklep\u00f3w, butik\u00f3w i wielkich centr\u00f3w handlowych. Po\u0142o\u017cyli kres nieestetycznym przetarciom w przebieralniach i ci\u0105gach komunikacyjnych, poprawiaj\u0105c wizerunek i zwi\u0119kszaj\u0105c sprzeda\u017c.<\/p>\n<p><img loading=\"lazy\" decoding=\"async\" class=\"alignnone wp-image-12258 size-full\" src=\"https:\/\/beta.benjaminmoore.pl\/wp-content\/uploads\/BM_FK_CT24_Outtakes_LuggageEntry_AntiquePewter_RT_SRGB-1.jpg\" alt=\"\" width=\"1800\" height=\"2037\" srcset=\"https:\/\/beta.benjaminmoore.pl\/wp-content\/uploads\/BM_FK_CT24_Outtakes_LuggageEntry_AntiquePewter_RT_SRGB-1.jpg 1800w, https:\/\/beta.benjaminmoore.pl\/wp-content\/uploads\/BM_FK_CT24_Outtakes_LuggageEntry_AntiquePewter_RT_SRGB-1-265x300.jpg 265w, https:\/\/beta.benjaminmoore.pl\/wp-content\/uploads\/BM_FK_CT24_Outtakes_LuggageEntry_AntiquePewter_RT_SRGB-1-905x1024.jpg 905w, https:\/\/beta.benjaminmoore.pl\/wp-content\/uploads\/BM_FK_CT24_Outtakes_LuggageEntry_AntiquePewter_RT_SRGB-1-768x869.jpg 768w, https:\/\/beta.benjaminmoore.pl\/wp-content\/uploads\/BM_FK_CT24_Outtakes_LuggageEntry_AntiquePewter_RT_SRGB-1-1357x1536.jpg 1357w, https:\/\/beta.benjaminmoore.pl\/wp-content\/uploads\/BM_FK_CT24_Outtakes_LuggageEntry_AntiquePewter_RT_SRGB-1-600x679.jpg 600w\" sizes=\"auto, (max-width: 1800px) 100vw, 1800px\" \/><\/p>\n<p style=\"text-align: justify;\"><strong>Jak zapomnie\u0107 o wszystkich tych zabrudzeniach, kt\u00f3re do tej pory wydawa\u0142y si\u0119 nie do unikni\u0119cia?\u00a0<\/strong><\/p>\n<p style=\"text-align: justify;\">Do niedawna jedynym rozwi\u0105zaniem na porysowane na czarno \u015bciany by\u0142o przemalowanie, jednak wraz z opracowaniem rewolucyjnej technologii Scuff-Resistant problem, jak za dotkni\u0119ciem czarodziejskiej r\u00f3\u017cd\u017cki przesta\u0142 istnie\u0107.<\/p>\n<p><img loading=\"lazy\" decoding=\"async\" class=\"alignnone wp-image-12235 size-full\" src=\"https:\/\/beta.benjaminmoore.pl\/wp-content\/uploads\/Benjamin_Moore_Scuff-X-15-1.jpg\" alt=\"\" width=\"1800\" height=\"1714\" srcset=\"https:\/\/beta.benjaminmoore.pl\/wp-content\/uploads\/Benjamin_Moore_Scuff-X-15-1.jpg 1800w, https:\/\/beta.benjaminmoore.pl\/wp-content\/uploads\/Benjamin_Moore_Scuff-X-15-1-300x286.jpg 300w, https:\/\/beta.benjaminmoore.pl\/wp-content\/uploads\/Benjamin_Moore_Scuff-X-15-1-1024x975.jpg 1024w, https:\/\/beta.benjaminmoore.pl\/wp-content\/uploads\/Benjamin_Moore_Scuff-X-15-1-768x731.jpg 768w, https:\/\/beta.benjaminmoore.pl\/wp-content\/uploads\/Benjamin_Moore_Scuff-X-15-1-1536x1463.jpg 1536w, https:\/\/beta.benjaminmoore.pl\/wp-content\/uploads\/Benjamin_Moore_Scuff-X-15-1-600x571.jpg 600w\" sizes=\"auto, (max-width: 1800px) 100vw, 1800px\" \/><\/p>\n<p style=\"text-align: justify;\"><strong>Wodorozcie\u0144czalna, jednosk\u0142adnikowa farba akrylowa\u00a0Scuff-X&#x2122;\u00a0z\u00a0rewolucyjn\u0105 technologi\u0105 \u201eScuff-Resistant\u201d\u00a0stanowi idealne rozwi\u0105zanie w\u00a0<\/strong><b>przestrzeniach o wysokim nat\u0119\u017ceniu ruchu, np. hotelach, salach konferencyjnych, biurach, szko\u0142ach, szatniach, klubach fitness, samoobs\u0142ugowych salonach sprzeda\u017cy, szpitalach, gabinetach zabiegowych, etc.<\/b><\/p>\n<p><strong>SCUFF-X vs tradycyjna farba\u00a0<\/strong><\/p>\n<p><img loading=\"lazy\" decoding=\"async\" class=\"alignnone wp-image-4118 size-full\" src=\"https:\/\/beta.benjaminmoore.pl\/wp-content\/uploads\/Benjamin_Morre_Scuff-X-2.jpg\" alt=\"\" width=\"2067\" height=\"764\" srcset=\"https:\/\/beta.benjaminmoore.pl\/wp-content\/uploads\/Benjamin_Morre_Scuff-X-2.jpg 2067w, https:\/\/beta.benjaminmoore.pl\/wp-content\/uploads\/Benjamin_Morre_Scuff-X-2-600x222.jpg 600w, https:\/\/beta.benjaminmoore.pl\/wp-content\/uploads\/Benjamin_Morre_Scuff-X-2-300x111.jpg 300w, https:\/\/beta.benjaminmoore.pl\/wp-content\/uploads\/Benjamin_Morre_Scuff-X-2-1024x378.jpg 1024w, https:\/\/beta.benjaminmoore.pl\/wp-content\/uploads\/Benjamin_Morre_Scuff-X-2-768x284.jpg 768w, https:\/\/beta.benjaminmoore.pl\/wp-content\/uploads\/Benjamin_Morre_Scuff-X-2-1536x568.jpg 1536w, https:\/\/beta.benjaminmoore.pl\/wp-content\/uploads\/Benjamin_Morre_Scuff-X-2-2048x757.jpg 2048w\" sizes=\"auto, (max-width: 2067px) 100vw, 2067px\" \/><\/p>\n","protected":false},"excerpt":{"rendered":"<p style=\"text-align: justify;\">Wodorozcie\u0144czalna farba akrylowa z innowacyjn\u0105 technologi\u0105 \u201eScuff-Resistant\u201d odporna na powstawanie czarnych \u015blad\u00f3w i przetar\u0107, do malowania \u015bcian w przestrzeniach o wysokim nat\u0119\u017ceniu ruchu. Mat.<\/p>\n","protected":false},"featured_media":3599,"template":"","meta":{"_acf_changed":false,"inline_featured_image":false},"product_brand":[],"product_cat":[28,36,80,29,42,84,46,43],"product_tag":[],"class_list":{"0":"post-653","1":"product","2":"type-product","3":"status-publish","4":"has-post-thumbnail","6":"product_cat-wnetrza","7":"product_cat-farby","8":"product_cat-wewnatrz","9":"product_cat-drewno","10":"product_cat-technologia-scuff-resistant","11":"product_cat-listwy-przypodlogowe","12":"product_cat-farby-zmywalne","13":"product_cat-farby-inwestycyjne","15":"first","16":"instock","17":"taxable","18":"shipping-taxable","19":"purchasable","20":"product-type-variable"},"acf":[],"_links":{"self":[{"href":"https:\/\/beta.benjaminmoore.pl\/en\/wp-json\/wp\/v2\/product\/653","targetHints":{"allow":["GET"]}}],"collection":[{"href":"https:\/\/beta.benjaminmoore.pl\/en\/wp-json\/wp\/v2\/product"}],"about":[{"href":"https:\/\/beta.benjaminmoore.pl\/en\/wp-json\/wp\/v2\/types\/product"}],"wp:featuredmedia":[{"embeddable":true,"href":"https:\/\/beta.benjaminmoore.pl\/en\/wp-json\/wp\/v2\/media\/3599"}],"wp:attachment":[{"href":"https:\/\/beta.benjaminmoore.pl\/en\/wp-json\/wp\/v2\/media?parent=653"}],"wp:term":[{"taxonomy":"product_brand","embeddable":true,"href":"https:\/\/beta.benjaminmoore.pl\/en\/wp-json\/wp\/v2\/product_brand?post=653"},{"taxonomy":"product_cat","embeddable":true,"href":"https:\/\/beta.benjaminmoore.pl\/en\/wp-json\/wp\/v2\/product_cat?post=653"},{"taxonomy":"product_tag","embeddable":true,"href":"https:\/\/beta.benjaminmoore.pl\/en\/wp-json\/wp\/v2\/product_tag?post=653"}],"curies":[{"name":"wp","href":"https:\/\/api.w.org\/{rel}","templated":true}]}}