{"id":593,"date":"2021-06-27T08:06:57","date_gmt":"2021-06-27T06:06:57","guid":{"rendered":"https:\/\/serwer2121761.home.pl\/autoinstalator\/wordpressplugins2\/?post_type=product&#038;p=593"},"modified":"2024-07-29T08:46:59","modified_gmt":"2024-07-29T06:46:59","slug":"fresh-start-high-hiding-all-purpose-primer-046","status":"publish","type":"product","link":"https:\/\/beta.benjaminmoore.pl\/en\/produkt\/fresh-start-high-hiding-all-purpose-primer-046\/","title":{"rendered":"Fresh Start\u00ae High-Hiding All Purpose Primer 046"},"content":{"rendered":"<p><img loading=\"lazy\" decoding=\"async\" class=\"alignnone wp-image-12422 size-full\" src=\"https:\/\/beta.benjaminmoore.pl\/wp-content\/uploads\/Fresh_Start_-_US.jpg\" alt=\"\" width=\"1800\" height=\"1537\" srcset=\"https:\/\/beta.benjaminmoore.pl\/wp-content\/uploads\/Fresh_Start_-_US.jpg 1800w, https:\/\/beta.benjaminmoore.pl\/wp-content\/uploads\/Fresh_Start_-_US-300x256.jpg 300w, https:\/\/beta.benjaminmoore.pl\/wp-content\/uploads\/Fresh_Start_-_US-1024x874.jpg 1024w, https:\/\/beta.benjaminmoore.pl\/wp-content\/uploads\/Fresh_Start_-_US-768x656.jpg 768w, https:\/\/beta.benjaminmoore.pl\/wp-content\/uploads\/Fresh_Start_-_US-1536x1312.jpg 1536w, https:\/\/beta.benjaminmoore.pl\/wp-content\/uploads\/Fresh_Start_-_US-600x512.jpg 600w\" sizes=\"auto, (max-width: 1800px) 100vw, 1800px\" \/><\/p>\n<p><strong>\u201eFRESH START\u00ae High-Hiding All Purpose Primer 046 00 White\" to wodorozcie\u0144czalna farba gruntuj\u0105ca przeznaczona do problematycznych pod\u0142o\u017cy wewn\u0119trznych i zewn\u0119trznych.<\/strong><\/p>\n<p><img loading=\"lazy\" decoding=\"async\" class=\"alignnone wp-image-12420 size-full\" src=\"https:\/\/beta.benjaminmoore.pl\/wp-content\/uploads\/Fresh_Start_Social_Media_Ad.jpg\" alt=\"\" width=\"1800\" height=\"1800\" srcset=\"https:\/\/beta.benjaminmoore.pl\/wp-content\/uploads\/Fresh_Start_Social_Media_Ad.jpg 1800w, https:\/\/beta.benjaminmoore.pl\/wp-content\/uploads\/Fresh_Start_Social_Media_Ad-300x300.jpg 300w, https:\/\/beta.benjaminmoore.pl\/wp-content\/uploads\/Fresh_Start_Social_Media_Ad-1024x1024.jpg 1024w, https:\/\/beta.benjaminmoore.pl\/wp-content\/uploads\/Fresh_Start_Social_Media_Ad-150x150.jpg 150w, https:\/\/beta.benjaminmoore.pl\/wp-content\/uploads\/Fresh_Start_Social_Media_Ad-768x768.jpg 768w, https:\/\/beta.benjaminmoore.pl\/wp-content\/uploads\/Fresh_Start_Social_Media_Ad-1536x1536.jpg 1536w, https:\/\/beta.benjaminmoore.pl\/wp-content\/uploads\/Fresh_Start_Social_Media_Ad-600x600.jpg 600w, https:\/\/beta.benjaminmoore.pl\/wp-content\/uploads\/Fresh_Start_Social_Media_Ad-100x100.jpg 100w\" sizes=\"auto, (max-width: 1800px) 100vw, 1800px\" \/><\/p>\n<p style=\"text-align: justify;\"><strong>Farba gruntuj\u0105ca doskonale izoluje t\u0142uste plamy, zacieki wodne i z rdzy (np. po awariach instalacji sanitarnych), graffiti, migracj\u0119 tanin z drzewa cedrowego i sekwoi, osady nikotynowe, plamy bitumiczne, sadz\u0119 (np. po po\u017carze) oraz \u015blady kredek.<\/strong>\u00a0Nie stosowa\u0107 do izolacji s\u0119k\u00f3w w drewnie, ani na \u017cywicznym drewnie sosnowym.<\/p>\n<p style=\"text-align: justify;\"><img loading=\"lazy\" decoding=\"async\" class=\"alignnone wp-image-5812 size-full\" src=\"https:\/\/beta.benjaminmoore.pl\/wp-content\/uploads\/Plamy_Fresh_Start_046.jpg\" alt=\"\" width=\"2041\" height=\"704\" srcset=\"https:\/\/beta.benjaminmoore.pl\/wp-content\/uploads\/Plamy_Fresh_Start_046.jpg 2041w, https:\/\/beta.benjaminmoore.pl\/wp-content\/uploads\/Plamy_Fresh_Start_046-600x207.jpg 600w, https:\/\/beta.benjaminmoore.pl\/wp-content\/uploads\/Plamy_Fresh_Start_046-300x103.jpg 300w, https:\/\/beta.benjaminmoore.pl\/wp-content\/uploads\/Plamy_Fresh_Start_046-1024x353.jpg 1024w, https:\/\/beta.benjaminmoore.pl\/wp-content\/uploads\/Plamy_Fresh_Start_046-768x265.jpg 768w, https:\/\/beta.benjaminmoore.pl\/wp-content\/uploads\/Plamy_Fresh_Start_046-1536x530.jpg 1536w\" sizes=\"auto, (max-width: 2041px) 100vw, 2041px\" \/><strong>Mo\u017cliwe jest barwienie produktu na szerok\u0105 gam\u0119 jasnych, pastelowych odcieni w systemie marki Benjamin Moore.\u00a0 <\/strong><\/p>\n<p style=\"text-align: justify;\"><strong>Farba gruntuj\u0105ca dost\u0119pna jest r\u00f3wnie\u017c w specjalnej wersji \u201e046 04\u201d - baza Deep Color Base, kt\u00f3r\u0105 mo\u017cna barwi\u0107 na ciemne kolory.<\/strong> Ta wersja stosowana jest przed aplikacj\u0105 farb nawierzchniowych w intensywnych lub trudno kryj\u0105cych odcieniach.<\/p>\n<p><img loading=\"lazy\" decoding=\"async\" class=\"alignnone wp-image-5814 size-full\" src=\"https:\/\/beta.benjaminmoore.pl\/wp-content\/uploads\/Benjamin_Moore_wykonawca-scaled.jpg\" alt=\"\" width=\"2560\" height=\"1281\" srcset=\"https:\/\/beta.benjaminmoore.pl\/wp-content\/uploads\/Benjamin_Moore_wykonawca-scaled.jpg 2560w, https:\/\/beta.benjaminmoore.pl\/wp-content\/uploads\/Benjamin_Moore_wykonawca-scaled-600x300.jpg 600w, https:\/\/beta.benjaminmoore.pl\/wp-content\/uploads\/Benjamin_Moore_wykonawca-300x150.jpg 300w, https:\/\/beta.benjaminmoore.pl\/wp-content\/uploads\/Benjamin_Moore_wykonawca-1024x512.jpg 1024w, https:\/\/beta.benjaminmoore.pl\/wp-content\/uploads\/Benjamin_Moore_wykonawca-768x384.jpg 768w, https:\/\/beta.benjaminmoore.pl\/wp-content\/uploads\/Benjamin_Moore_wykonawca-1536x769.jpg 1536w, https:\/\/beta.benjaminmoore.pl\/wp-content\/uploads\/Benjamin_Moore_wykonawca-2048x1025.jpg 2048w\" sizes=\"auto, (max-width: 2560px) 100vw, 2560px\" \/><\/p>\n<p style=\"text-align: justify;\">Farba gruntuj\u0105ca przeznaczona jest do stosowania przed aplikacj\u0105 wodorozcie\u0144czalnych farb marki Benjamin Moore.<\/p>\n<p style=\"text-align: justify;\">Posiada bardzo <strong>dobre w\u0142a\u015bciwo\u015bci izoluj\u0105ce, wysok\u0105 odporno\u015b\u0107 na dzia\u0142anie mikroorganizm\u00f3w, maksymaln\u0105 si\u0142\u0119 krycia\u00a0<\/strong>(szczeg\u00f3lnie doceniania w przypadku zasadniczej zmiany kolorystyki pod\u0142o\u017ca, np. z br\u0105zu na biel), w\u0142a\u015bciwo\u015bci wype\u0142niaj\u0105ce i wysok\u0105 przyczepno\u015b\u0107 do pod\u0142o\u017ca.<\/p>\n<p><img loading=\"lazy\" decoding=\"async\" class=\"alignnone wp-image-12424 size-full\" src=\"https:\/\/beta.benjaminmoore.pl\/wp-content\/uploads\/How_to_17.jpg\" alt=\"\" width=\"1800\" height=\"1952\" srcset=\"https:\/\/beta.benjaminmoore.pl\/wp-content\/uploads\/How_to_17.jpg 1800w, https:\/\/beta.benjaminmoore.pl\/wp-content\/uploads\/How_to_17-277x300.jpg 277w, https:\/\/beta.benjaminmoore.pl\/wp-content\/uploads\/How_to_17-944x1024.jpg 944w, https:\/\/beta.benjaminmoore.pl\/wp-content\/uploads\/How_to_17-768x833.jpg 768w, https:\/\/beta.benjaminmoore.pl\/wp-content\/uploads\/How_to_17-1416x1536.jpg 1416w, https:\/\/beta.benjaminmoore.pl\/wp-content\/uploads\/How_to_17-600x651.jpg 600w\" sizes=\"auto, (max-width: 1800px) 100vw, 1800px\" \/><\/p>\n<p style=\"text-align: justify;\">Produkt ogranicza zu\u017cycie farby nawierzchniowej, zapewnia jej doskona\u0142\u0105 przyczepno\u015b\u0107, wyr\u00f3wnuje i redukuje ch\u0142onno\u015b\u0107 pod\u0142o\u017ca, wzmacnia jego struktur\u0119 oraz ujednolica kolorystycznie.<\/p>\n<p><strong>Produkt spe\u0142nia wymagania LEED<sup>\u00ae\u00a0<\/sup>v4 Credit.<\/strong><\/p>\n<p><img loading=\"lazy\" decoding=\"async\" class=\"alignnone wp-image-12426 size-full\" src=\"https:\/\/beta.benjaminmoore.pl\/wp-content\/uploads\/bm_wykonawca_2-2.jpg\" alt=\"\" width=\"1800\" height=\"1391\" srcset=\"https:\/\/beta.benjaminmoore.pl\/wp-content\/uploads\/bm_wykonawca_2-2.jpg 1800w, https:\/\/beta.benjaminmoore.pl\/wp-content\/uploads\/bm_wykonawca_2-2-300x232.jpg 300w, https:\/\/beta.benjaminmoore.pl\/wp-content\/uploads\/bm_wykonawca_2-2-1024x791.jpg 1024w, https:\/\/beta.benjaminmoore.pl\/wp-content\/uploads\/bm_wykonawca_2-2-768x593.jpg 768w, https:\/\/beta.benjaminmoore.pl\/wp-content\/uploads\/bm_wykonawca_2-2-1536x1187.jpg 1536w, https:\/\/beta.benjaminmoore.pl\/wp-content\/uploads\/bm_wykonawca_2-2-600x464.jpg 600w\" sizes=\"auto, (max-width: 1800px) 100vw, 1800px\" \/><\/p>\n<p style=\"text-align: justify;\">Farba gruntuj\u0105ca polecana do gruntowania \u015bcian i sufit\u00f3w (r\u00f3wnie\u017c p\u0142yt w systemie podwieszanym), futryn, listew, drzwi, p\u0142ytek ceramicznych, element\u00f3w metalowych (ze stali ocynkowanej i aluminium) we wn\u0119trzach budynk\u00f3w oraz zewn\u0119trznych pod\u0142o\u017cy drewnianych, metalowych (stal ocynkowana i aluminium), ok\u0142adzin i element\u00f3w z PCV (np. sidingu, rynien), a tak\u017ce elewacji mineralnych budynk\u00f3w.<\/p>\n","protected":false},"excerpt":{"rendered":"<p style=\"text-align: justify;\">Wodorozcie\u0144czalna, akrylowa farba gruntuj\u0105ca, izoluj\u0105ca plamy i zacieki przeznaczona do zastosowa\u0144 wewn\u0119trznych i zewn\u0119trznych. Kolor bia\u0142y z mo\u017cliwo\u015bci\u0105 podbarwienia na jasne kolory.<\/p>\n","protected":false},"featured_media":11007,"template":"","meta":{"_acf_changed":false,"inline_featured_image":false},"product_brand":[],"product_cat":[28,80,29,37,53,62,79,81,30,74,55,85,32,91],"product_tag":[],"class_list":{"0":"post-593","1":"product","2":"type-product","3":"status-publish","4":"has-post-thumbnail","6":"product_cat-wnetrza","7":"product_cat-wewnatrz","8":"product_cat-drewno","9":"product_cat-grunty","10":"product_cat-trudne-plamy","11":"product_cat-grunty-elewacje","12":"product_cat-grunty-metal","13":"product_cat-na-zewnatrz","14":"product_cat-elewacje","15":"product_cat-trudne-plamy-grunty-elewacje","16":"product_cat-latwa-zmiana-koloru","17":"product_cat-grunty-wewnatrz","18":"product_cat-metal","19":"product_cat-grunty-na-zewnatrz","21":"first","22":"instock","23":"taxable","24":"shipping-taxable","25":"purchasable","26":"product-type-variable"},"acf":[],"_links":{"self":[{"href":"https:\/\/beta.benjaminmoore.pl\/en\/wp-json\/wp\/v2\/product\/593","targetHints":{"allow":["GET"]}}],"collection":[{"href":"https:\/\/beta.benjaminmoore.pl\/en\/wp-json\/wp\/v2\/product"}],"about":[{"href":"https:\/\/beta.benjaminmoore.pl\/en\/wp-json\/wp\/v2\/types\/product"}],"wp:featuredmedia":[{"embeddable":true,"href":"https:\/\/beta.benjaminmoore.pl\/en\/wp-json\/wp\/v2\/media\/11007"}],"wp:attachment":[{"href":"https:\/\/beta.benjaminmoore.pl\/en\/wp-json\/wp\/v2\/media?parent=593"}],"wp:term":[{"taxonomy":"product_brand","embeddable":true,"href":"https:\/\/beta.benjaminmoore.pl\/en\/wp-json\/wp\/v2\/product_brand?post=593"},{"taxonomy":"product_cat","embeddable":true,"href":"https:\/\/beta.benjaminmoore.pl\/en\/wp-json\/wp\/v2\/product_cat?post=593"},{"taxonomy":"product_tag","embeddable":true,"href":"https:\/\/beta.benjaminmoore.pl\/en\/wp-json\/wp\/v2\/product_tag?post=593"}],"curies":[{"name":"wp","href":"https:\/\/api.w.org\/{rel}","templated":true}]}}