{"id":587,"date":"2021-06-27T07:48:59","date_gmt":"2021-06-27T05:48:59","guid":{"rendered":"https:\/\/serwer2121761.home.pl\/autoinstalator\/wordpressplugins2\/?post_type=product&#038;p=587"},"modified":"2024-11-12T14:41:42","modified_gmt":"2024-11-12T13:41:42","slug":"advance-waterborne-interior-alkyd-satin-792","status":"publish","type":"product","link":"https:\/\/beta.benjaminmoore.pl\/en\/produkt\/advance-waterborne-interior-alkyd-satin-792\/","title":{"rendered":"Advance Waterborne Interior Alkyd Satin 792"},"content":{"rendered":"<p style=\"text-align: justify;\"><img loading=\"lazy\" decoding=\"async\" class=\"alignnone wp-image-12115 size-full\" src=\"https:\/\/beta.benjaminmoore.pl\/wp-content\/uploads\/BM_FK_SC_Himmel_Mudroom_BlueMacaw_RGB-1.jpg\" alt=\"\" width=\"1800\" height=\"2108\" srcset=\"https:\/\/beta.benjaminmoore.pl\/wp-content\/uploads\/BM_FK_SC_Himmel_Mudroom_BlueMacaw_RGB-1.jpg 1800w, https:\/\/beta.benjaminmoore.pl\/wp-content\/uploads\/BM_FK_SC_Himmel_Mudroom_BlueMacaw_RGB-1-256x300.jpg 256w, https:\/\/beta.benjaminmoore.pl\/wp-content\/uploads\/BM_FK_SC_Himmel_Mudroom_BlueMacaw_RGB-1-874x1024.jpg 874w, https:\/\/beta.benjaminmoore.pl\/wp-content\/uploads\/BM_FK_SC_Himmel_Mudroom_BlueMacaw_RGB-1-768x899.jpg 768w, https:\/\/beta.benjaminmoore.pl\/wp-content\/uploads\/BM_FK_SC_Himmel_Mudroom_BlueMacaw_RGB-1-1312x1536.jpg 1312w, https:\/\/beta.benjaminmoore.pl\/wp-content\/uploads\/BM_FK_SC_Himmel_Mudroom_BlueMacaw_RGB-1-1749x2048.jpg 1749w, https:\/\/beta.benjaminmoore.pl\/wp-content\/uploads\/BM_FK_SC_Himmel_Mudroom_BlueMacaw_RGB-1-600x703.jpg 600w\" sizes=\"auto, (max-width: 1800px) 100vw, 1800px\" \/><strong>Ekologiczna, wodorozcie\u0144czalna emalia alkidowa do drewna i metalu, wykorzystuj\u0105ca najnowsze, innowacyjne technologie. Tworzy atrakcyjne i odporne, satynowe wyko\u0144czenie.<\/strong><\/p>\n<p><img loading=\"lazy\" decoding=\"async\" class=\"alignnone wp-image-14228 size-full\" src=\"https:\/\/beta.benjaminmoore.pl\/wp-content\/uploads\/Advance_792_ColorfulEntrywayinWhiteDoveDamaskGoldandStillwater.jpg\" alt=\"\" width=\"1800\" height=\"1903\" srcset=\"https:\/\/beta.benjaminmoore.pl\/wp-content\/uploads\/Advance_792_ColorfulEntrywayinWhiteDoveDamaskGoldandStillwater.jpg 1800w, https:\/\/beta.benjaminmoore.pl\/wp-content\/uploads\/Advance_792_ColorfulEntrywayinWhiteDoveDamaskGoldandStillwater-284x300.jpg 284w, https:\/\/beta.benjaminmoore.pl\/wp-content\/uploads\/Advance_792_ColorfulEntrywayinWhiteDoveDamaskGoldandStillwater-969x1024.jpg 969w, https:\/\/beta.benjaminmoore.pl\/wp-content\/uploads\/Advance_792_ColorfulEntrywayinWhiteDoveDamaskGoldandStillwater-768x812.jpg 768w, https:\/\/beta.benjaminmoore.pl\/wp-content\/uploads\/Advance_792_ColorfulEntrywayinWhiteDoveDamaskGoldandStillwater-1453x1536.jpg 1453w, https:\/\/beta.benjaminmoore.pl\/wp-content\/uploads\/Advance_792_ColorfulEntrywayinWhiteDoveDamaskGoldandStillwater-600x634.jpg 600w\" sizes=\"auto, (max-width: 1800px) 100vw, 1800px\" \/><\/p>\n<p><strong>Idealne po\u0142\u0105czenie ekologii, komfortu stosowania i doskona\u0142ych parametr\u00f3w technicznych<\/strong> z po\u017c\u0105danymi w\u0142a\u015bciwo\u015bciami aplikacyjnymi tradycyjnych rozpuszczalnikowych\u00a0emalii alkidowych.<\/p>\n<p><img loading=\"lazy\" decoding=\"async\" class=\"alignnone wp-image-12118 size-full\" src=\"https:\/\/beta.benjaminmoore.pl\/wp-content\/uploads\/Benjamin_Moore_odnowa_mebli-22.jpg\" alt=\"\" width=\"1800\" height=\"1800\" srcset=\"https:\/\/beta.benjaminmoore.pl\/wp-content\/uploads\/Benjamin_Moore_odnowa_mebli-22.jpg 1800w, https:\/\/beta.benjaminmoore.pl\/wp-content\/uploads\/Benjamin_Moore_odnowa_mebli-22-300x300.jpg 300w, https:\/\/beta.benjaminmoore.pl\/wp-content\/uploads\/Benjamin_Moore_odnowa_mebli-22-1024x1024.jpg 1024w, https:\/\/beta.benjaminmoore.pl\/wp-content\/uploads\/Benjamin_Moore_odnowa_mebli-22-150x150.jpg 150w, https:\/\/beta.benjaminmoore.pl\/wp-content\/uploads\/Benjamin_Moore_odnowa_mebli-22-768x768.jpg 768w, https:\/\/beta.benjaminmoore.pl\/wp-content\/uploads\/Benjamin_Moore_odnowa_mebli-22-1536x1536.jpg 1536w, https:\/\/beta.benjaminmoore.pl\/wp-content\/uploads\/Benjamin_Moore_odnowa_mebli-22-600x600.jpg 600w, https:\/\/beta.benjaminmoore.pl\/wp-content\/uploads\/Benjamin_Moore_odnowa_mebli-22-100x100.jpg 100w\" sizes=\"auto, (max-width: 1800px) 100vw, 1800px\" \/><\/p>\n<p style=\"text-align: justify;\">Emalia przeznaczona do dekoracji i ochrony malowanych wcze\u015bniej lub zagruntowanych wewn\u0119trznych pod\u0142o\u017cy drewnianych i metalowych: drzwi, mebli, futryn, boazerii, element\u00f3w wyko\u0144czeniowych (np. listew przypod\u0142ogowych, balustrad, por\u0119czy, etc.) oraz \u015bcian (np. malowanie lamperii).<\/p>\n<p><img loading=\"lazy\" decoding=\"async\" class=\"alignnone wp-image-12120 size-full\" src=\"https:\/\/beta.benjaminmoore.pl\/wp-content\/uploads\/Benjamin_Moore_odnowa_mebli-12-1.jpg\" alt=\"\" width=\"1800\" height=\"1322\" srcset=\"https:\/\/beta.benjaminmoore.pl\/wp-content\/uploads\/Benjamin_Moore_odnowa_mebli-12-1.jpg 1800w, https:\/\/beta.benjaminmoore.pl\/wp-content\/uploads\/Benjamin_Moore_odnowa_mebli-12-1-300x220.jpg 300w, https:\/\/beta.benjaminmoore.pl\/wp-content\/uploads\/Benjamin_Moore_odnowa_mebli-12-1-1024x752.jpg 1024w, https:\/\/beta.benjaminmoore.pl\/wp-content\/uploads\/Benjamin_Moore_odnowa_mebli-12-1-768x564.jpg 768w, https:\/\/beta.benjaminmoore.pl\/wp-content\/uploads\/Benjamin_Moore_odnowa_mebli-12-1-1536x1128.jpg 1536w, https:\/\/beta.benjaminmoore.pl\/wp-content\/uploads\/Benjamin_Moore_odnowa_mebli-12-1-600x441.jpg 600w\" sizes=\"auto, (max-width: 1800px) 100vw, 1800px\" \/><\/p>\n<p style=\"text-align: justify;\">Produkt barwiony jest w ekologicznym systemie <a href=\"https:\/\/beta.benjaminmoore.pl\/kolory-z-hologramem\/\">Gennex<sup>\u00ae<\/sup> Platform<\/a>, bazuj\u0105cym na kolorantach ze \u015bladow\u0105 zawarto\u015bci\u0105 zwi\u0105zk\u00f3w organicznych.<\/p>\n","protected":false},"excerpt":{"rendered":"<p style=\"text-align: justify;\">Nowej generacji, wodorozcie\u0144czalna, wewn\u0119trzna emalia alkidowa do drewna i metalu. Po\u0142ysk satynowy.<\/p>\n","protected":false},"featured_media":11011,"template":"","meta":{"_acf_changed":false,"inline_featured_image":false},"product_brand":[],"product_cat":[28,36,78,80,82,29,84,32,51],"product_tag":[],"class_list":{"0":"post-587","1":"product","2":"type-product","3":"status-publish","4":"has-post-thumbnail","6":"product_cat-wnetrza","7":"product_cat-farby","8":"product_cat-emalie","9":"product_cat-wewnatrz","10":"product_cat-meble-drzwi-balustrady","11":"product_cat-drewno","12":"product_cat-listwy-przypodlogowe","13":"product_cat-metal","14":"product_cat-malowanie-mebli","16":"first","17":"instock","18":"taxable","19":"shipping-taxable","20":"purchasable","21":"product-type-variable"},"acf":[],"_links":{"self":[{"href":"https:\/\/beta.benjaminmoore.pl\/en\/wp-json\/wp\/v2\/product\/587","targetHints":{"allow":["GET"]}}],"collection":[{"href":"https:\/\/beta.benjaminmoore.pl\/en\/wp-json\/wp\/v2\/product"}],"about":[{"href":"https:\/\/beta.benjaminmoore.pl\/en\/wp-json\/wp\/v2\/types\/product"}],"wp:featuredmedia":[{"embeddable":true,"href":"https:\/\/beta.benjaminmoore.pl\/en\/wp-json\/wp\/v2\/media\/11011"}],"wp:attachment":[{"href":"https:\/\/beta.benjaminmoore.pl\/en\/wp-json\/wp\/v2\/media?parent=587"}],"wp:term":[{"taxonomy":"product_brand","embeddable":true,"href":"https:\/\/beta.benjaminmoore.pl\/en\/wp-json\/wp\/v2\/product_brand?post=587"},{"taxonomy":"product_cat","embeddable":true,"href":"https:\/\/beta.benjaminmoore.pl\/en\/wp-json\/wp\/v2\/product_cat?post=587"},{"taxonomy":"product_tag","embeddable":true,"href":"https:\/\/beta.benjaminmoore.pl\/en\/wp-json\/wp\/v2\/product_tag?post=587"}],"curies":[{"name":"wp","href":"https:\/\/api.w.org\/{rel}","templated":true}]}}