{"id":577,"date":"2021-06-27T07:40:53","date_gmt":"2021-06-27T05:40:53","guid":{"rendered":"https:\/\/serwer2121761.home.pl\/autoinstalator\/wordpressplugins2\/?post_type=product&#038;p=577"},"modified":"2024-11-12T14:43:59","modified_gmt":"2024-11-12T13:43:59","slug":"advance-waterborne-interior-alkyd-high-gloss-794","status":"publish","type":"product","link":"https:\/\/beta.benjaminmoore.pl\/en\/produkt\/advance-waterborne-interior-alkyd-high-gloss-794\/","title":{"rendered":"Advance Waterborne Interior\/Exterior Alkyd High Gloss N794"},"content":{"rendered":"<p><img loading=\"lazy\" decoding=\"async\" class=\"alignnone wp-image-12134 size-full\" src=\"https:\/\/beta.benjaminmoore.pl\/wp-content\/uploads\/23-1174900_Image-Re-size-for-Poland-Publication-1200x1200-Kitchen.jpg\" alt=\"\" width=\"1800\" height=\"1800\" srcset=\"https:\/\/beta.benjaminmoore.pl\/wp-content\/uploads\/23-1174900_Image-Re-size-for-Poland-Publication-1200x1200-Kitchen.jpg 1800w, https:\/\/beta.benjaminmoore.pl\/wp-content\/uploads\/23-1174900_Image-Re-size-for-Poland-Publication-1200x1200-Kitchen-300x300.jpg 300w, https:\/\/beta.benjaminmoore.pl\/wp-content\/uploads\/23-1174900_Image-Re-size-for-Poland-Publication-1200x1200-Kitchen-1024x1024.jpg 1024w, https:\/\/beta.benjaminmoore.pl\/wp-content\/uploads\/23-1174900_Image-Re-size-for-Poland-Publication-1200x1200-Kitchen-150x150.jpg 150w, https:\/\/beta.benjaminmoore.pl\/wp-content\/uploads\/23-1174900_Image-Re-size-for-Poland-Publication-1200x1200-Kitchen-768x768.jpg 768w, https:\/\/beta.benjaminmoore.pl\/wp-content\/uploads\/23-1174900_Image-Re-size-for-Poland-Publication-1200x1200-Kitchen-1536x1536.jpg 1536w, https:\/\/beta.benjaminmoore.pl\/wp-content\/uploads\/23-1174900_Image-Re-size-for-Poland-Publication-1200x1200-Kitchen-600x600.jpg 600w, https:\/\/beta.benjaminmoore.pl\/wp-content\/uploads\/23-1174900_Image-Re-size-for-Poland-Publication-1200x1200-Kitchen-100x100.jpg 100w\" sizes=\"auto, (max-width: 1800px) 100vw, 1800px\" \/><\/p>\n<p style=\"text-align: justify;\"><strong>Ekologiczna, wodorozcie\u0144czalna emalia alkidowa do drewna i metalu, wykorzystuj\u0105ca najnowsze, innowacyjne technologie. Tworzy atrakcyjne i odporne wyko\u0144czenie w wysokim stopniu po\u0142ysku.<\/strong><\/p>\n<p><img loading=\"lazy\" decoding=\"async\" class=\"alignnone wp-image-12137 size-full\" src=\"https:\/\/beta.benjaminmoore.pl\/wp-content\/uploads\/benjamn_moore_trendy_2019-30-1.jpg\" alt=\"\" width=\"1800\" height=\"1902\" srcset=\"https:\/\/beta.benjaminmoore.pl\/wp-content\/uploads\/benjamn_moore_trendy_2019-30-1.jpg 1800w, https:\/\/beta.benjaminmoore.pl\/wp-content\/uploads\/benjamn_moore_trendy_2019-30-1-284x300.jpg 284w, https:\/\/beta.benjaminmoore.pl\/wp-content\/uploads\/benjamn_moore_trendy_2019-30-1-969x1024.jpg 969w, https:\/\/beta.benjaminmoore.pl\/wp-content\/uploads\/benjamn_moore_trendy_2019-30-1-768x812.jpg 768w, https:\/\/beta.benjaminmoore.pl\/wp-content\/uploads\/benjamn_moore_trendy_2019-30-1-1454x1536.jpg 1454w, https:\/\/beta.benjaminmoore.pl\/wp-content\/uploads\/benjamn_moore_trendy_2019-30-1-600x634.jpg 600w\" sizes=\"auto, (max-width: 1800px) 100vw, 1800px\" \/><\/p>\n<p style=\"text-align: justify;\"><strong>Idealne po\u0142\u0105czenie ekologii, komfortu stosowania i doskona\u0142ych parametr\u00f3w technicznych z po\u017c\u0105danymi w\u0142a\u015bciwo\u015bciami aplikacyjnymi tradycyjnych rozpuszczalnikowych\u00a0emalii alkidowych.<\/strong><\/p>\n<p><img loading=\"lazy\" decoding=\"async\" class=\"alignnone wp-image-12186 size-full\" src=\"https:\/\/beta.benjaminmoore.pl\/wp-content\/uploads\/Carter_Plum_Bathroom.jpg\" alt=\"\" width=\"1800\" height=\"1800\" srcset=\"https:\/\/beta.benjaminmoore.pl\/wp-content\/uploads\/Carter_Plum_Bathroom.jpg 1800w, https:\/\/beta.benjaminmoore.pl\/wp-content\/uploads\/Carter_Plum_Bathroom-300x300.jpg 300w, https:\/\/beta.benjaminmoore.pl\/wp-content\/uploads\/Carter_Plum_Bathroom-1024x1024.jpg 1024w, https:\/\/beta.benjaminmoore.pl\/wp-content\/uploads\/Carter_Plum_Bathroom-150x150.jpg 150w, https:\/\/beta.benjaminmoore.pl\/wp-content\/uploads\/Carter_Plum_Bathroom-768x768.jpg 768w, https:\/\/beta.benjaminmoore.pl\/wp-content\/uploads\/Carter_Plum_Bathroom-1536x1536.jpg 1536w, https:\/\/beta.benjaminmoore.pl\/wp-content\/uploads\/Carter_Plum_Bathroom-600x600.jpg 600w, https:\/\/beta.benjaminmoore.pl\/wp-content\/uploads\/Carter_Plum_Bathroom-100x100.jpg 100w\" sizes=\"auto, (max-width: 1800px) 100vw, 1800px\" \/><\/p>\n<p style=\"text-align: justify;\">Emalia przeznaczona do dekoracji i ochrony malowanych wcze\u015bniej lub zagruntowanych wewn\u0119trznych* pod\u0142o\u017cy drewnianych i metalowych: drzwi, mebli, futryn, boazerii, element\u00f3w wyko\u0144czeniowych (np. listew przypod\u0142ogowych, balustrad, por\u0119czy, etc.) oraz \u015bcian (np. malowanie lamperii).<\/p>\n<p style=\"text-align: justify;\"><span style=\"font-size: x-small;\"><em>* w przypadku niewielkich fragment\u00f3w pod\u0142o\u017ca, np. metalowych i drewnianych drzwi, futryn, ram okiennych z drewna cedrowego lub sekwoi, produkt mo\u017ce by\u0107 stosowany w zewn\u0119trznej atmosferze. Nie stosowa\u0107 do wyko\u0144czenia zewn\u0119trznych pod\u0142o\u017cy sosnowych lub innych, mi\u0119kkich gatunk\u00f3w drewna.<\/em><\/span><\/p>\n<p><img loading=\"lazy\" decoding=\"async\" class=\"alignnone wp-image-12139 size-full\" src=\"https:\/\/beta.benjaminmoore.pl\/wp-content\/uploads\/Zb_COY2020_GrayKitch_7420_SHIP-1.jpg\" alt=\"\" width=\"1800\" height=\"2113\" srcset=\"https:\/\/beta.benjaminmoore.pl\/wp-content\/uploads\/Zb_COY2020_GrayKitch_7420_SHIP-1.jpg 1800w, https:\/\/beta.benjaminmoore.pl\/wp-content\/uploads\/Zb_COY2020_GrayKitch_7420_SHIP-1-256x300.jpg 256w, https:\/\/beta.benjaminmoore.pl\/wp-content\/uploads\/Zb_COY2020_GrayKitch_7420_SHIP-1-872x1024.jpg 872w, https:\/\/beta.benjaminmoore.pl\/wp-content\/uploads\/Zb_COY2020_GrayKitch_7420_SHIP-1-768x902.jpg 768w, https:\/\/beta.benjaminmoore.pl\/wp-content\/uploads\/Zb_COY2020_GrayKitch_7420_SHIP-1-1308x1536.jpg 1308w, https:\/\/beta.benjaminmoore.pl\/wp-content\/uploads\/Zb_COY2020_GrayKitch_7420_SHIP-1-1745x2048.jpg 1745w, https:\/\/beta.benjaminmoore.pl\/wp-content\/uploads\/Zb_COY2020_GrayKitch_7420_SHIP-1-600x704.jpg 600w\" sizes=\"auto, (max-width: 1800px) 100vw, 1800px\" \/><\/p>\n<p style=\"text-align: justify;\">Produkt barwiony jest w ekologicznym systemie <a href=\"https:\/\/beta.benjaminmoore.pl\/kolory-z-hologramem\/\">Gennex<sup>\u00ae<\/sup> Platform<\/a>, bazuj\u0105cym na kolorantach o \u015bladowej zawarto\u015bci lotnych zwi\u0105zk\u00f3w organicznych (LZO).<\/p>\n<p><img loading=\"lazy\" decoding=\"async\" class=\"alignnone wp-image-12141 size-full\" src=\"https:\/\/beta.benjaminmoore.pl\/wp-content\/uploads\/benjamin_moore_przedpokoj-9.jpg\" alt=\"\" width=\"1800\" height=\"2222\" srcset=\"https:\/\/beta.benjaminmoore.pl\/wp-content\/uploads\/benjamin_moore_przedpokoj-9.jpg 1800w, https:\/\/beta.benjaminmoore.pl\/wp-content\/uploads\/benjamin_moore_przedpokoj-9-243x300.jpg 243w, https:\/\/beta.benjaminmoore.pl\/wp-content\/uploads\/benjamin_moore_przedpokoj-9-830x1024.jpg 830w, https:\/\/beta.benjaminmoore.pl\/wp-content\/uploads\/benjamin_moore_przedpokoj-9-768x948.jpg 768w, https:\/\/beta.benjaminmoore.pl\/wp-content\/uploads\/benjamin_moore_przedpokoj-9-1244x1536.jpg 1244w, https:\/\/beta.benjaminmoore.pl\/wp-content\/uploads\/benjamin_moore_przedpokoj-9-1659x2048.jpg 1659w, https:\/\/beta.benjaminmoore.pl\/wp-content\/uploads\/benjamin_moore_przedpokoj-9-600x741.jpg 600w\" sizes=\"auto, (max-width: 1800px) 100vw, 1800px\" \/><\/p>\n","protected":false},"excerpt":{"rendered":"<p style=\"text-align: justify;\">Nowej generacji, wodorozcie\u0144czalna, wewn\u0119trzna emalia alkidowa do drewna i metalu. Wysoki po\u0142ysk.<\/p>\n","protected":false},"featured_media":11009,"template":"","meta":{"_acf_changed":false,"inline_featured_image":false},"product_brand":[],"product_cat":[28,36,78,80,82,29,84,32,51],"product_tag":[],"class_list":{"0":"post-577","1":"product","2":"type-product","3":"status-publish","4":"has-post-thumbnail","6":"product_cat-wnetrza","7":"product_cat-farby","8":"product_cat-emalie","9":"product_cat-wewnatrz","10":"product_cat-meble-drzwi-balustrady","11":"product_cat-drewno","12":"product_cat-listwy-przypodlogowe","13":"product_cat-metal","14":"product_cat-malowanie-mebli","16":"first","17":"instock","18":"taxable","19":"shipping-taxable","20":"purchasable","21":"product-type-variable"},"acf":[],"_links":{"self":[{"href":"https:\/\/beta.benjaminmoore.pl\/en\/wp-json\/wp\/v2\/product\/577","targetHints":{"allow":["GET"]}}],"collection":[{"href":"https:\/\/beta.benjaminmoore.pl\/en\/wp-json\/wp\/v2\/product"}],"about":[{"href":"https:\/\/beta.benjaminmoore.pl\/en\/wp-json\/wp\/v2\/types\/product"}],"wp:featuredmedia":[{"embeddable":true,"href":"https:\/\/beta.benjaminmoore.pl\/en\/wp-json\/wp\/v2\/media\/11009"}],"wp:attachment":[{"href":"https:\/\/beta.benjaminmoore.pl\/en\/wp-json\/wp\/v2\/media?parent=577"}],"wp:term":[{"taxonomy":"product_brand","embeddable":true,"href":"https:\/\/beta.benjaminmoore.pl\/en\/wp-json\/wp\/v2\/product_brand?post=577"},{"taxonomy":"product_cat","embeddable":true,"href":"https:\/\/beta.benjaminmoore.pl\/en\/wp-json\/wp\/v2\/product_cat?post=577"},{"taxonomy":"product_tag","embeddable":true,"href":"https:\/\/beta.benjaminmoore.pl\/en\/wp-json\/wp\/v2\/product_tag?post=577"}],"curies":[{"name":"wp","href":"https:\/\/api.w.org\/{rel}","templated":true}]}}