{"id":517,"date":"2021-06-26T19:46:33","date_gmt":"2021-06-26T17:46:33","guid":{"rendered":"https:\/\/serwer2121761.home.pl\/autoinstalator\/wordpressplugins2\/?post_type=product&#038;p=517"},"modified":"2025-04-04T15:15:39","modified_gmt":"2025-04-04T13:15:39","slug":"aura-farba-do-lazienki-532","status":"publish","type":"product","link":"https:\/\/beta.benjaminmoore.pl\/en\/produkt\/aura-farba-do-lazienki-532\/","title":{"rendered":"Aura\u00ae Bath &#038; Spa Interior Paint Matte 532"},"content":{"rendered":"<h3><strong>AURA - WYTWORNA, ELEGANCKA i MATOWA farba DO \u0141AZIENKI. Po prostu PI\u0118KNA.<\/strong><\/h3>\n<p><img loading=\"lazy\" decoding=\"async\" class=\"alignnone wp-image-13383 size-full\" src=\"https:\/\/beta.benjaminmoore.pl\/wp-content\/uploads\/22-839601_2022-Bathrooms_009_1080x1080-1.jpg\" alt=\"\" width=\"1800\" height=\"1595\" srcset=\"https:\/\/beta.benjaminmoore.pl\/wp-content\/uploads\/22-839601_2022-Bathrooms_009_1080x1080-1.jpg 1800w, https:\/\/beta.benjaminmoore.pl\/wp-content\/uploads\/22-839601_2022-Bathrooms_009_1080x1080-1-300x266.jpg 300w, https:\/\/beta.benjaminmoore.pl\/wp-content\/uploads\/22-839601_2022-Bathrooms_009_1080x1080-1-1024x907.jpg 1024w, https:\/\/beta.benjaminmoore.pl\/wp-content\/uploads\/22-839601_2022-Bathrooms_009_1080x1080-1-768x681.jpg 768w, https:\/\/beta.benjaminmoore.pl\/wp-content\/uploads\/22-839601_2022-Bathrooms_009_1080x1080-1-1536x1361.jpg 1536w, https:\/\/beta.benjaminmoore.pl\/wp-content\/uploads\/22-839601_2022-Bathrooms_009_1080x1080-1-600x532.jpg 600w\" sizes=\"auto, (max-width: 1800px) 100vw, 1800px\" \/><\/p>\n<p style=\"text-align: justify;\"><b>Farba \u0142azienkowa, wyj\u0105tkowo trwa\u0142a i odporna na podwy\u017cszon\u0105 wilgotno\u015b\u0107 i temperatur\u0119. Aura pokazuje prawdziwy kolor o niespotykanej g\u0142\u0119bi. Sprawia, \u017ce niemal czujesz jego wyj\u0105tkowo\u015b\u0107 w dotyku.\u00a0<\/b><\/p>\n<p><img loading=\"lazy\" decoding=\"async\" class=\"alignnone wp-image-13385 size-full\" src=\"https:\/\/beta.benjaminmoore.pl\/wp-content\/uploads\/Benjamin_Moore_Pristine_Bathroom.jpg\" alt=\"\" width=\"1800\" height=\"1800\" srcset=\"https:\/\/beta.benjaminmoore.pl\/wp-content\/uploads\/Benjamin_Moore_Pristine_Bathroom.jpg 1800w, https:\/\/beta.benjaminmoore.pl\/wp-content\/uploads\/Benjamin_Moore_Pristine_Bathroom-300x300.jpg 300w, https:\/\/beta.benjaminmoore.pl\/wp-content\/uploads\/Benjamin_Moore_Pristine_Bathroom-1024x1024.jpg 1024w, https:\/\/beta.benjaminmoore.pl\/wp-content\/uploads\/Benjamin_Moore_Pristine_Bathroom-150x150.jpg 150w, https:\/\/beta.benjaminmoore.pl\/wp-content\/uploads\/Benjamin_Moore_Pristine_Bathroom-768x768.jpg 768w, https:\/\/beta.benjaminmoore.pl\/wp-content\/uploads\/Benjamin_Moore_Pristine_Bathroom-1536x1536.jpg 1536w, https:\/\/beta.benjaminmoore.pl\/wp-content\/uploads\/Benjamin_Moore_Pristine_Bathroom-600x600.jpg 600w, https:\/\/beta.benjaminmoore.pl\/wp-content\/uploads\/Benjamin_Moore_Pristine_Bathroom-100x100.jpg 100w\" sizes=\"auto, (max-width: 1800px) 100vw, 1800px\" \/><\/p>\n<p style=\"text-align: justify;\">Wodorozcie\u0144czalna, lateksowa farba akrylowa, z rewolucyjn\u0105, opatentowan\u0105 technologi\u0105 \u201eColorLock<sup>\u00ae<\/sup> Technology\u201d. Zapewnia niespotykan\u0105 g\u0142\u0119bi\u0119 kolor\u00f3w i trwa\u0142o\u015b\u0107 warstwy malarskiej. Przeznaczona do dekoracji \u0142azienek, kuchni, obiekt\u00f3w SPA.<\/p>\n<p><img loading=\"lazy\" decoding=\"async\" class=\"alignnone wp-image-12194 size-full\" src=\"https:\/\/beta.benjaminmoore.pl\/wp-content\/uploads\/Benjamin_Moore_lazienka-16-1.jpg\" alt=\"\" width=\"1800\" height=\"1814\" srcset=\"https:\/\/beta.benjaminmoore.pl\/wp-content\/uploads\/Benjamin_Moore_lazienka-16-1.jpg 1800w, https:\/\/beta.benjaminmoore.pl\/wp-content\/uploads\/Benjamin_Moore_lazienka-16-1-298x300.jpg 298w, https:\/\/beta.benjaminmoore.pl\/wp-content\/uploads\/Benjamin_Moore_lazienka-16-1-1016x1024.jpg 1016w, https:\/\/beta.benjaminmoore.pl\/wp-content\/uploads\/Benjamin_Moore_lazienka-16-1-150x150.jpg 150w, https:\/\/beta.benjaminmoore.pl\/wp-content\/uploads\/Benjamin_Moore_lazienka-16-1-768x774.jpg 768w, https:\/\/beta.benjaminmoore.pl\/wp-content\/uploads\/Benjamin_Moore_lazienka-16-1-1524x1536.jpg 1524w, https:\/\/beta.benjaminmoore.pl\/wp-content\/uploads\/Benjamin_Moore_lazienka-16-1-600x605.jpg 600w, https:\/\/beta.benjaminmoore.pl\/wp-content\/uploads\/Benjamin_Moore_lazienka-16-1-100x100.jpg 100w\" sizes=\"auto, (max-width: 1800px) 100vw, 1800px\" \/><\/p>\n<p style=\"text-align: justify;\">Aura<sup>\u00ae<\/sup> Bath &amp; Spa Interior Paint Matte 532 tworzy atrakcyjne wizualnie, trwa\u0142e, matowe wyko\u0144czenie. <strong>Jest wyj\u0105tkowo odporna na dzia\u0142anie podwy\u017cszonej wilgotno\u015bci i temperatury.<\/strong><\/p>\n<p><img loading=\"lazy\" decoding=\"async\" class=\"alignnone wp-image-12007 size-full\" src=\"https:\/\/beta.benjaminmoore.pl\/wp-content\/uploads\/23-988607_InternationalSocialImages-Fall2022-ResizeandLogo-1080x1080_Bathroom.jpg\" alt=\"\" width=\"1700\" height=\"1517\" srcset=\"https:\/\/beta.benjaminmoore.pl\/wp-content\/uploads\/23-988607_InternationalSocialImages-Fall2022-ResizeandLogo-1080x1080_Bathroom.jpg 1700w, https:\/\/beta.benjaminmoore.pl\/wp-content\/uploads\/23-988607_InternationalSocialImages-Fall2022-ResizeandLogo-1080x1080_Bathroom-300x268.jpg 300w, https:\/\/beta.benjaminmoore.pl\/wp-content\/uploads\/23-988607_InternationalSocialImages-Fall2022-ResizeandLogo-1080x1080_Bathroom-1024x914.jpg 1024w, https:\/\/beta.benjaminmoore.pl\/wp-content\/uploads\/23-988607_InternationalSocialImages-Fall2022-ResizeandLogo-1080x1080_Bathroom-768x685.jpg 768w, https:\/\/beta.benjaminmoore.pl\/wp-content\/uploads\/23-988607_InternationalSocialImages-Fall2022-ResizeandLogo-1080x1080_Bathroom-1536x1371.jpg 1536w, https:\/\/beta.benjaminmoore.pl\/wp-content\/uploads\/23-988607_InternationalSocialImages-Fall2022-ResizeandLogo-1080x1080_Bathroom-600x535.jpg 600w\" sizes=\"auto, (max-width: 1700px) 100vw, 1700px\" \/><\/p>\n<p style=\"text-align: justify;\"><strong>Farb\u0119 charakteryzuje niesamowita si\u0142a krycia (maksymalnie dwie warstwy nawet przy najciemniejszych odcieniach), doskona\u0142a odporno\u015b\u0107 na dzia\u0142anie wysokiej wilgotno\u015bci, niespotykana odporno\u015b\u0107 na zmywanie i szorowanie (<em>klasa 1 wg PN-EN 13300<\/em>) oraz bardzo niska wodoch\u0142onno\u015b\u0107, \u0142atwo\u015b\u0107 usuwania plam i zabrudze\u0144 z powierzchni wyko\u0144czenia.<\/strong><\/p>\n<p><img loading=\"lazy\" decoding=\"async\" class=\"alignnone wp-image-13387 size-full\" src=\"https:\/\/beta.benjaminmoore.pl\/wp-content\/uploads\/Benjamin_Moore_FK_CT23_Outtakes_Bathroom_NorthSeaGreen_RGB.jpg\" alt=\"\" width=\"1800\" height=\"1800\" srcset=\"https:\/\/beta.benjaminmoore.pl\/wp-content\/uploads\/Benjamin_Moore_FK_CT23_Outtakes_Bathroom_NorthSeaGreen_RGB.jpg 1800w, https:\/\/beta.benjaminmoore.pl\/wp-content\/uploads\/Benjamin_Moore_FK_CT23_Outtakes_Bathroom_NorthSeaGreen_RGB-300x300.jpg 300w, https:\/\/beta.benjaminmoore.pl\/wp-content\/uploads\/Benjamin_Moore_FK_CT23_Outtakes_Bathroom_NorthSeaGreen_RGB-1024x1024.jpg 1024w, https:\/\/beta.benjaminmoore.pl\/wp-content\/uploads\/Benjamin_Moore_FK_CT23_Outtakes_Bathroom_NorthSeaGreen_RGB-150x150.jpg 150w, https:\/\/beta.benjaminmoore.pl\/wp-content\/uploads\/Benjamin_Moore_FK_CT23_Outtakes_Bathroom_NorthSeaGreen_RGB-768x768.jpg 768w, https:\/\/beta.benjaminmoore.pl\/wp-content\/uploads\/Benjamin_Moore_FK_CT23_Outtakes_Bathroom_NorthSeaGreen_RGB-1536x1536.jpg 1536w, https:\/\/beta.benjaminmoore.pl\/wp-content\/uploads\/Benjamin_Moore_FK_CT23_Outtakes_Bathroom_NorthSeaGreen_RGB-600x600.jpg 600w, https:\/\/beta.benjaminmoore.pl\/wp-content\/uploads\/Benjamin_Moore_FK_CT23_Outtakes_Bathroom_NorthSeaGreen_RGB-100x100.jpg 100w\" sizes=\"auto, (max-width: 1800px) 100vw, 1800px\" \/><\/p>\n<p style=\"text-align: justify;\">Produkt wykazuje odpowiedni\u0105 paroprzepuszczalno\u015b\u0107, wyj\u0105tkow\u0105 rozlewno\u015b\u0107, kr\u00f3tki czas schni\u0119cia, <strong>wysok\u0105 odporno\u015b\u0107 na dzia\u0142anie mikroorganizm\u00f3w i znikomy zapach.<\/strong><\/p>\n<p><img loading=\"lazy\" decoding=\"async\" class=\"alignnone wp-image-12276 size-full\" src=\"https:\/\/beta.benjaminmoore.pl\/wp-content\/uploads\/AclecticRestroominBenjaminMooreFrenchToile_1800x1800dpi.jpg\" alt=\"\" width=\"1800\" height=\"1800\" srcset=\"https:\/\/beta.benjaminmoore.pl\/wp-content\/uploads\/AclecticRestroominBenjaminMooreFrenchToile_1800x1800dpi.jpg 1800w, https:\/\/beta.benjaminmoore.pl\/wp-content\/uploads\/AclecticRestroominBenjaminMooreFrenchToile_1800x1800dpi-300x300.jpg 300w, https:\/\/beta.benjaminmoore.pl\/wp-content\/uploads\/AclecticRestroominBenjaminMooreFrenchToile_1800x1800dpi-1024x1024.jpg 1024w, https:\/\/beta.benjaminmoore.pl\/wp-content\/uploads\/AclecticRestroominBenjaminMooreFrenchToile_1800x1800dpi-150x150.jpg 150w, https:\/\/beta.benjaminmoore.pl\/wp-content\/uploads\/AclecticRestroominBenjaminMooreFrenchToile_1800x1800dpi-768x768.jpg 768w, https:\/\/beta.benjaminmoore.pl\/wp-content\/uploads\/AclecticRestroominBenjaminMooreFrenchToile_1800x1800dpi-1536x1536.jpg 1536w, https:\/\/beta.benjaminmoore.pl\/wp-content\/uploads\/AclecticRestroominBenjaminMooreFrenchToile_1800x1800dpi-600x600.jpg 600w, https:\/\/beta.benjaminmoore.pl\/wp-content\/uploads\/AclecticRestroominBenjaminMooreFrenchToile_1800x1800dpi-100x100.jpg 100w\" sizes=\"auto, (max-width: 1800px) 100vw, 1800px\" \/><\/p>\n<p style=\"text-align: justify;\">Bezpieczna, ekologiczna receptura ze \u015bladow\u0105 zawarto\u015bci\u0105 LZO* zapewnia znikomy zapach.<\/p>\n<p style=\"text-align: justify;\">Farba spe\u0142nia wymagania LEED<sup>\u00ae<\/sup> v4.<\/p>\n<hr \/>\n<p style=\"text-align: justify;\"><span style=\"font-size: x-small;\"><em>* Produkt zawiera \u015bladowe ilo\u015bci LZO zgodnie z wytycznymi \u201cThe European Council of the Paint, Printing Ink, and Artist\u2019s Colours Industry\u201d (CEPE) oraz \u201cBritish Coating Federation\u201d. Kat. A\/a. Dopuszczalna zawarto\u015b\u0107 LZO od 2010 r. \u2013 30 g\/l. Produkt zawiera max. 1 g\/l LZO. <\/em><\/span><\/p>\n","protected":false},"excerpt":{"rendered":"<p style=\"text-align: justify;\">Wodorozcie\u0144czalna wewn\u0119trzna, lateksowa farba akrylowa z rewolucyjn\u0105 technologi\u0105 \"ColorLock Technology\", przeznaczona do dekoracji \u0142azienek, kuchni i obiekt\u00f3w SPA. Mat.<\/p>\n","protected":false},"featured_media":10990,"template":"","meta":{"_acf_changed":false,"inline_featured_image":false},"product_brand":[],"product_cat":[28,36,100,46,47,49],"product_tag":[],"class_list":{"0":"post-517","1":"product","2":"type-product","3":"status-publish","4":"has-post-thumbnail","6":"product_cat-wnetrza","7":"product_cat-farby","8":"product_cat-prawdziwa-glebia-koloru","9":"product_cat-farby-zmywalne","10":"product_cat-farby-matowe","11":"product_cat-lazienka","13":"first","14":"instock","15":"taxable","16":"shipping-taxable","17":"purchasable","18":"product-type-variable"},"acf":[],"_links":{"self":[{"href":"https:\/\/beta.benjaminmoore.pl\/en\/wp-json\/wp\/v2\/product\/517","targetHints":{"allow":["GET"]}}],"collection":[{"href":"https:\/\/beta.benjaminmoore.pl\/en\/wp-json\/wp\/v2\/product"}],"about":[{"href":"https:\/\/beta.benjaminmoore.pl\/en\/wp-json\/wp\/v2\/types\/product"}],"wp:featuredmedia":[{"embeddable":true,"href":"https:\/\/beta.benjaminmoore.pl\/en\/wp-json\/wp\/v2\/media\/10990"}],"wp:attachment":[{"href":"https:\/\/beta.benjaminmoore.pl\/en\/wp-json\/wp\/v2\/media?parent=517"}],"wp:term":[{"taxonomy":"product_brand","embeddable":true,"href":"https:\/\/beta.benjaminmoore.pl\/en\/wp-json\/wp\/v2\/product_brand?post=517"},{"taxonomy":"product_cat","embeddable":true,"href":"https:\/\/beta.benjaminmoore.pl\/en\/wp-json\/wp\/v2\/product_cat?post=517"},{"taxonomy":"product_tag","embeddable":true,"href":"https:\/\/beta.benjaminmoore.pl\/en\/wp-json\/wp\/v2\/product_tag?post=517"}],"curies":[{"name":"wp","href":"https:\/\/api.w.org\/{rel}","templated":true}]}}