{"id":10813,"date":"2023-06-23T10:19:41","date_gmt":"2023-06-23T08:19:41","guid":{"rendered":"https:\/\/benjaminmoore.pl\/?post_type=product&#038;p=10813"},"modified":"2025-04-04T15:25:59","modified_gmt":"2025-04-04T13:25:59","slug":"regal-select-premium-interior-paint-primer-matte-n548","status":"publish","type":"product","link":"https:\/\/beta.benjaminmoore.pl\/en\/produkt\/regal-select-premium-interior-paint-primer-matte-n548\/","title":{"rendered":"Regal\u00ae Select Premium Interior Paint &#038; Primer Matte N548"},"content":{"rendered":"<p style=\"text-align: justify;\"><span style=\"color: #333333;\"><strong>Jeszcze ODPORNIEJSZA na PLAMY i brud. <\/strong><strong>\u015aCIANA NICZYM TWIERDZA - Nie do zdobycia.<\/strong><\/span><\/p>\n<p><a href=\"https:\/\/www.youtube.com\/watch?v=DzCAuXLaedc\" target=\"_blank\" rel=\"noopener\"><img loading=\"lazy\" decoding=\"async\" class=\"alignnone wp-image-13123 size-full\" src=\"https:\/\/beta.benjaminmoore.pl\/wp-content\/uploads\/Benjamin-Moore-Regal-Select-Now-Even-Better-przycisk.jpg\" alt=\"\" width=\"1799\" height=\"1012\" srcset=\"https:\/\/beta.benjaminmoore.pl\/wp-content\/uploads\/Benjamin-Moore-Regal-Select-Now-Even-Better-przycisk.jpg 1799w, https:\/\/beta.benjaminmoore.pl\/wp-content\/uploads\/Benjamin-Moore-Regal-Select-Now-Even-Better-przycisk-300x169.jpg 300w, https:\/\/beta.benjaminmoore.pl\/wp-content\/uploads\/Benjamin-Moore-Regal-Select-Now-Even-Better-przycisk-1024x576.jpg 1024w, https:\/\/beta.benjaminmoore.pl\/wp-content\/uploads\/Benjamin-Moore-Regal-Select-Now-Even-Better-przycisk-768x432.jpg 768w, https:\/\/beta.benjaminmoore.pl\/wp-content\/uploads\/Benjamin-Moore-Regal-Select-Now-Even-Better-przycisk-1536x864.jpg 1536w, https:\/\/beta.benjaminmoore.pl\/wp-content\/uploads\/Benjamin-Moore-Regal-Select-Now-Even-Better-przycisk-600x338.jpg 600w\" sizes=\"auto, (max-width: 1799px) 100vw, 1799px\" \/><\/a><\/p>\n<h3 style=\"text-align: justify;\"><span style=\"color: #333333;\"><strong>Sprawiamy, \u017ce Twoje \u017cycie jest wygodniejsze, a otoczenie pi\u0119kne i czyste\u2026 <\/strong><\/span><\/h3>\n<p style=\"text-align: justify;\"><span style=\"color: #000000;\"><span style=\"color: #333333;\"><img loading=\"lazy\" decoding=\"async\" class=\"alignnone wp-image-12065 size-full\" src=\"https:\/\/beta.benjaminmoore.pl\/wp-content\/uploads\/zab60008_rgb_RGB.jpg\" alt=\"\" width=\"1800\" height=\"1624\" srcset=\"https:\/\/beta.benjaminmoore.pl\/wp-content\/uploads\/zab60008_rgb_RGB.jpg 1800w, https:\/\/beta.benjaminmoore.pl\/wp-content\/uploads\/zab60008_rgb_RGB-300x271.jpg 300w, https:\/\/beta.benjaminmoore.pl\/wp-content\/uploads\/zab60008_rgb_RGB-1024x924.jpg 1024w, https:\/\/beta.benjaminmoore.pl\/wp-content\/uploads\/zab60008_rgb_RGB-768x693.jpg 768w, https:\/\/beta.benjaminmoore.pl\/wp-content\/uploads\/zab60008_rgb_RGB-1536x1386.jpg 1536w, https:\/\/beta.benjaminmoore.pl\/wp-content\/uploads\/zab60008_rgb_RGB-600x541.jpg 600w\" sizes=\"auto, (max-width: 1800px) 100vw, 1800px\" \/>W roku 2003 wprowadzili\u015bmy<strong> pierwsz\u0105 farb\u0119 najbardziej odporn\u0105 na plamy<\/strong> <strong>i zabrudzenia. <\/strong>Produkt wyznaczy\u0142 nowy standard i wysoko podni\u00f3s\u0142 poprzeczk\u0119 dla innych producent\u00f3w farb. <strong>Zadowoleni Klienci z czasem nazwali go \u201efarb\u0105 ceramiczn\u0105\u201d.<\/strong> 9 lat p\u00f3\u017aniej, po raz kolejny udowodnili\u015bmy, \u017ce jeste\u015bmy\u00a0<strong>absolutnym liderem<\/strong>\u00a0przedstawiaj\u0105c kolejn\u0105 generacj\u0119 tej farby<\/span>.<\/span><\/p>\n<p><img loading=\"lazy\" decoding=\"async\" class=\"alignnone wp-image-10802 size-full\" src=\"https:\/\/beta.benjaminmoore.pl\/wp-content\/uploads\/X_TrendsWhiteOnWood_Stairs_6239-scaled.jpg\" alt=\"\" width=\"2192\" height=\"2560\" srcset=\"https:\/\/beta.benjaminmoore.pl\/wp-content\/uploads\/X_TrendsWhiteOnWood_Stairs_6239-scaled.jpg 2192w, https:\/\/beta.benjaminmoore.pl\/wp-content\/uploads\/X_TrendsWhiteOnWood_Stairs_6239-257x300.jpg 257w, https:\/\/beta.benjaminmoore.pl\/wp-content\/uploads\/X_TrendsWhiteOnWood_Stairs_6239-877x1024.jpg 877w, https:\/\/beta.benjaminmoore.pl\/wp-content\/uploads\/X_TrendsWhiteOnWood_Stairs_6239-768x897.jpg 768w, https:\/\/beta.benjaminmoore.pl\/wp-content\/uploads\/X_TrendsWhiteOnWood_Stairs_6239-1315x1536.jpg 1315w, https:\/\/beta.benjaminmoore.pl\/wp-content\/uploads\/X_TrendsWhiteOnWood_Stairs_6239-1754x2048.jpg 1754w, https:\/\/beta.benjaminmoore.pl\/wp-content\/uploads\/X_TrendsWhiteOnWood_Stairs_6239-600x701.jpg 600w\" sizes=\"auto, (max-width: 2192px) 100vw, 2192px\" \/><\/p>\n<p style=\"text-align: justify;\"><span style=\"color: #333333;\"><strong>Prezentujemy zmodyfikowan\u0105, najnowsz\u0105 wersj\u0119 tego legendarnego produktu, oznaczonego symbolem \u201eN\u201d.<\/strong> Farba Regal Select N548 w nowej szacie graficznej Premium zapewnia jeszcze trwalsze wymalowanie, odporniejsze na plamy oraz zmywanie i szorowanie. Do tego posiada atrakcyjniejsz\u0105, aksamitn\u0105 wr\u0119cz struktur\u0119.<\/span><\/p>\n<h3 style=\"text-align: justify;\"><span style=\"color: #333333;\"><strong>REGAL oznacza \u201eKr\u00f3lewski\u201d, SELECT \u2013 \u201eNajlepszy, Elitarny\u201d.<\/strong><\/span><\/h3>\n<p><img loading=\"lazy\" decoding=\"async\" class=\"alignnone wp-image-12051 size-full\" src=\"https:\/\/beta.benjaminmoore.pl\/wp-content\/uploads\/Zd_COY2020_PinkKitchen_7502_rSHIP-4.jpg\" alt=\"\" width=\"1800\" height=\"1845\" srcset=\"https:\/\/beta.benjaminmoore.pl\/wp-content\/uploads\/Zd_COY2020_PinkKitchen_7502_rSHIP-4.jpg 1800w, https:\/\/beta.benjaminmoore.pl\/wp-content\/uploads\/Zd_COY2020_PinkKitchen_7502_rSHIP-4-293x300.jpg 293w, https:\/\/beta.benjaminmoore.pl\/wp-content\/uploads\/Zd_COY2020_PinkKitchen_7502_rSHIP-4-999x1024.jpg 999w, https:\/\/beta.benjaminmoore.pl\/wp-content\/uploads\/Zd_COY2020_PinkKitchen_7502_rSHIP-4-768x787.jpg 768w, https:\/\/beta.benjaminmoore.pl\/wp-content\/uploads\/Zd_COY2020_PinkKitchen_7502_rSHIP-4-1499x1536.jpg 1499w, https:\/\/beta.benjaminmoore.pl\/wp-content\/uploads\/Zd_COY2020_PinkKitchen_7502_rSHIP-4-600x615.jpg 600w\" sizes=\"auto, (max-width: 1800px) 100vw, 1800px\" \/><\/p>\n<p style=\"text-align: justify;\"><span style=\"color: #333333;\"><strong>REGAL SELECT to NOWA KATEGORIA farb, marka sama w sobie.<\/strong><\/span><\/p>\n<p style=\"text-align: justify;\"><span style=\"color: #333333;\"><strong>Na tyle mocna i niezale\u017cna, aby wyj\u015b\u0107 poza kategori\u0119 \u201efarb ceramicznych\u201d i z dum\u0105 podkre\u015bla\u0107 znaczenie swojej nazwy. <\/strong><\/span><\/p>\n<h3 style=\"text-align: justify;\"><span style=\"color: #333333;\"><strong>Opatentowana TECHNOLOGIA\u2026<\/strong><\/span><\/h3>\n<p><img loading=\"lazy\" decoding=\"async\" class=\"alignnone wp-image-12053 size-full\" src=\"https:\/\/beta.benjaminmoore.pl\/wp-content\/uploads\/Kid_s_Birthday_Cake_in_Front_of_Summer_Plum_Wall_m.jpg\" alt=\"\" width=\"1800\" height=\"1649\" srcset=\"https:\/\/beta.benjaminmoore.pl\/wp-content\/uploads\/Kid_s_Birthday_Cake_in_Front_of_Summer_Plum_Wall_m.jpg 1800w, https:\/\/beta.benjaminmoore.pl\/wp-content\/uploads\/Kid_s_Birthday_Cake_in_Front_of_Summer_Plum_Wall_m-300x275.jpg 300w, https:\/\/beta.benjaminmoore.pl\/wp-content\/uploads\/Kid_s_Birthday_Cake_in_Front_of_Summer_Plum_Wall_m-1024x938.jpg 1024w, https:\/\/beta.benjaminmoore.pl\/wp-content\/uploads\/Kid_s_Birthday_Cake_in_Front_of_Summer_Plum_Wall_m-768x704.jpg 768w, https:\/\/beta.benjaminmoore.pl\/wp-content\/uploads\/Kid_s_Birthday_Cake_in_Front_of_Summer_Plum_Wall_m-1536x1407.jpg 1536w, https:\/\/beta.benjaminmoore.pl\/wp-content\/uploads\/Kid_s_Birthday_Cake_in_Front_of_Summer_Plum_Wall_m-600x550.jpg 600w\" sizes=\"auto, (max-width: 1800px) 100vw, 1800px\" \/><\/p>\n<p style=\"text-align: justify;\"><span style=\"color: #333333;\"><strong>Wodorozcie\u0144czalna, akrylowa farba Premium najnowszej generacji, <\/strong><strong>barwiona <\/strong><strong>w innowacyjnym, ekologicznym systemie barwienia\u00a0GENNEX<sup>\u00ae<\/sup> Platform<\/strong><strong>.<\/strong><\/span><\/p>\n<p><img loading=\"lazy\" decoding=\"async\" class=\"alignnone wp-image-12262 size-full\" src=\"https:\/\/beta.benjaminmoore.pl\/wp-content\/uploads\/BM_FK_CT24_B04_WhiteDove_SRGB-1.jpg\" alt=\"\" width=\"1800\" height=\"2114\" srcset=\"https:\/\/beta.benjaminmoore.pl\/wp-content\/uploads\/BM_FK_CT24_B04_WhiteDove_SRGB-1.jpg 1800w, https:\/\/beta.benjaminmoore.pl\/wp-content\/uploads\/BM_FK_CT24_B04_WhiteDove_SRGB-1-255x300.jpg 255w, https:\/\/beta.benjaminmoore.pl\/wp-content\/uploads\/BM_FK_CT24_B04_WhiteDove_SRGB-1-872x1024.jpg 872w, https:\/\/beta.benjaminmoore.pl\/wp-content\/uploads\/BM_FK_CT24_B04_WhiteDove_SRGB-1-768x902.jpg 768w, https:\/\/beta.benjaminmoore.pl\/wp-content\/uploads\/BM_FK_CT24_B04_WhiteDove_SRGB-1-1308x1536.jpg 1308w, https:\/\/beta.benjaminmoore.pl\/wp-content\/uploads\/BM_FK_CT24_B04_WhiteDove_SRGB-1-1744x2048.jpg 1744w, https:\/\/beta.benjaminmoore.pl\/wp-content\/uploads\/BM_FK_CT24_B04_WhiteDove_SRGB-1-600x705.jpg 600w\" sizes=\"auto, (max-width: 1800px) 100vw, 1800px\" \/><\/p>\n<p style=\"text-align: justify;\"><span style=\"color: #333333;\"><strong>Rewolucyjna technologia usuwania zabrudze\u0144 \u201eSTAIN RELEASE TECHNOLOGY\u201d<\/strong> <strong>wykorzystuje<\/strong> <strong>kombinacj\u0119 specjalnych wype\u0142niaczy sferycznych oraz now\u0105 dyspersj\u0119 akrylow\u0105 i stanowi kluczowy element farby. <\/strong><\/span><\/p>\n<p><a href=\"https:\/\/www.youtube.com\/watch?v=rrh00Mp5qMA\" target=\"_blank\" rel=\"noopener\"><img loading=\"lazy\" decoding=\"async\" class=\"alignnone wp-image-13125 size-full\" src=\"https:\/\/beta.benjaminmoore.pl\/wp-content\/uploads\/Benjamin-Moore-Regal-Select-How-to-clean-painted-walls-in-6-Easy-Steps_przycisk.jpg\" alt=\"\" width=\"1800\" height=\"1013\" srcset=\"https:\/\/beta.benjaminmoore.pl\/wp-content\/uploads\/Benjamin-Moore-Regal-Select-How-to-clean-painted-walls-in-6-Easy-Steps_przycisk.jpg 1800w, https:\/\/beta.benjaminmoore.pl\/wp-content\/uploads\/Benjamin-Moore-Regal-Select-How-to-clean-painted-walls-in-6-Easy-Steps_przycisk-300x169.jpg 300w, https:\/\/beta.benjaminmoore.pl\/wp-content\/uploads\/Benjamin-Moore-Regal-Select-How-to-clean-painted-walls-in-6-Easy-Steps_przycisk-1024x576.jpg 1024w, https:\/\/beta.benjaminmoore.pl\/wp-content\/uploads\/Benjamin-Moore-Regal-Select-How-to-clean-painted-walls-in-6-Easy-Steps_przycisk-768x432.jpg 768w, https:\/\/beta.benjaminmoore.pl\/wp-content\/uploads\/Benjamin-Moore-Regal-Select-How-to-clean-painted-walls-in-6-Easy-Steps_przycisk-1536x864.jpg 1536w, https:\/\/beta.benjaminmoore.pl\/wp-content\/uploads\/Benjamin-Moore-Regal-Select-How-to-clean-painted-walls-in-6-Easy-Steps_przycisk-600x338.jpg 600w\" sizes=\"auto, (max-width: 1800px) 100vw, 1800px\" \/><\/a><\/p>\n<p style=\"text-align: justify;\"><span style=\"color: #333333;\"><strong>Innowacyjne rozwi\u0105zanie zapewnia <\/strong>najwy\u017csz\u0105 odporno\u015b\u0107 warstwy malarskiej na wnikanie plam i zanieczyszcze\u0144, a tak\u017ce niespotykan\u0105 odporno\u015b\u0107 na zmywanie i szorowanie na mokro<strong> (klasa 1 wg PN-EN 13300 z maksymalnym ubytkiem pow\u0142oki 1.3 \u00b5m po 200 cyklach szorowania) <\/strong><\/span><span style=\"color: #333333;\"><strong>bez zmiany stopnia matowego wyko\u0144czenia (nie wyb\u0142yszcza si\u0119).<\/strong><\/span><\/p>\n<p><img loading=\"lazy\" decoding=\"async\" class=\"alignnone wp-image-10950 size-full\" src=\"https:\/\/beta.benjaminmoore.pl\/wp-content\/uploads\/Regal_Select_N548_Stain_Release_Technology.jpg\" alt=\"\" width=\"2360\" height=\"1390\" srcset=\"https:\/\/beta.benjaminmoore.pl\/wp-content\/uploads\/Regal_Select_N548_Stain_Release_Technology.jpg 2360w, https:\/\/beta.benjaminmoore.pl\/wp-content\/uploads\/Regal_Select_N548_Stain_Release_Technology-300x177.jpg 300w, https:\/\/beta.benjaminmoore.pl\/wp-content\/uploads\/Regal_Select_N548_Stain_Release_Technology-1024x603.jpg 1024w, https:\/\/beta.benjaminmoore.pl\/wp-content\/uploads\/Regal_Select_N548_Stain_Release_Technology-768x452.jpg 768w, https:\/\/beta.benjaminmoore.pl\/wp-content\/uploads\/Regal_Select_N548_Stain_Release_Technology-1536x905.jpg 1536w, https:\/\/beta.benjaminmoore.pl\/wp-content\/uploads\/Regal_Select_N548_Stain_Release_Technology-2048x1206.jpg 2048w, https:\/\/beta.benjaminmoore.pl\/wp-content\/uploads\/Regal_Select_N548_Stain_Release_Technology-600x353.jpg 600w\" sizes=\"auto, (max-width: 2360px) 100vw, 2360px\" \/><\/p>\n<p style=\"text-align: justify;\"><strong><span style=\"color: #333333;\">Produkt wytwarzany w technologii <a style=\"color: #333333;\" href=\"https:\/\/beta.benjaminmoore.pl\/kolory-z-hologramem\/\" target=\"_blank\" rel=\"noopener\">Gennex<sup>\u00ae<\/sup> Color Technology<\/a> \u0142\u0105czy najnowsze osi\u0105gni\u0119cia in\u017cynierii chemicznej, w\u0142asn\u0105 produkcj\u0119 \u017cywic i kolorant\u00f3w z nieprawdopodobnymi parametrami technicznymi.<\/span><\/strong><\/p>\n<p><img loading=\"lazy\" decoding=\"async\" class=\"alignnone wp-image-14220 size-full\" src=\"https:\/\/beta.benjaminmoore.pl\/wp-content\/uploads\/Regal_Select_N548_ModernKitchenwithGeometricMuralinShadesofGreen.jpg\" alt=\"\" width=\"1800\" height=\"1800\" srcset=\"https:\/\/beta.benjaminmoore.pl\/wp-content\/uploads\/Regal_Select_N548_ModernKitchenwithGeometricMuralinShadesofGreen.jpg 1800w, https:\/\/beta.benjaminmoore.pl\/wp-content\/uploads\/Regal_Select_N548_ModernKitchenwithGeometricMuralinShadesofGreen-300x300.jpg 300w, https:\/\/beta.benjaminmoore.pl\/wp-content\/uploads\/Regal_Select_N548_ModernKitchenwithGeometricMuralinShadesofGreen-1024x1024.jpg 1024w, https:\/\/beta.benjaminmoore.pl\/wp-content\/uploads\/Regal_Select_N548_ModernKitchenwithGeometricMuralinShadesofGreen-150x150.jpg 150w, https:\/\/beta.benjaminmoore.pl\/wp-content\/uploads\/Regal_Select_N548_ModernKitchenwithGeometricMuralinShadesofGreen-768x768.jpg 768w, https:\/\/beta.benjaminmoore.pl\/wp-content\/uploads\/Regal_Select_N548_ModernKitchenwithGeometricMuralinShadesofGreen-1536x1536.jpg 1536w, https:\/\/beta.benjaminmoore.pl\/wp-content\/uploads\/Regal_Select_N548_ModernKitchenwithGeometricMuralinShadesofGreen-600x600.jpg 600w, https:\/\/beta.benjaminmoore.pl\/wp-content\/uploads\/Regal_Select_N548_ModernKitchenwithGeometricMuralinShadesofGreen-100x100.jpg 100w\" sizes=\"auto, (max-width: 1800px) 100vw, 1800px\" \/><\/p>\n<p style=\"text-align: justify;\"><span style=\"color: #333333;\">Farba przeznaczona do malowania \u015bcian wewn\u0119trznych, szczeg\u00f3lnie nara\u017conych na intensywne u\u017cytkowanie zapewnia wyj\u0105tkowy komfort i ogranicza koszty remont\u00f3w.<\/span><\/p>\n<p><img loading=\"lazy\" decoding=\"async\" class=\"alignnone wp-image-12055 size-full\" src=\"https:\/\/beta.benjaminmoore.pl\/wp-content\/uploads\/23-1174900_Image-Re-size-for-Poland-Publication-9x12-Stairs.jpg\" alt=\"\" width=\"1800\" height=\"2150\" srcset=\"https:\/\/beta.benjaminmoore.pl\/wp-content\/uploads\/23-1174900_Image-Re-size-for-Poland-Publication-9x12-Stairs.jpg 1800w, https:\/\/beta.benjaminmoore.pl\/wp-content\/uploads\/23-1174900_Image-Re-size-for-Poland-Publication-9x12-Stairs-251x300.jpg 251w, https:\/\/beta.benjaminmoore.pl\/wp-content\/uploads\/23-1174900_Image-Re-size-for-Poland-Publication-9x12-Stairs-857x1024.jpg 857w, https:\/\/beta.benjaminmoore.pl\/wp-content\/uploads\/23-1174900_Image-Re-size-for-Poland-Publication-9x12-Stairs-768x917.jpg 768w, https:\/\/beta.benjaminmoore.pl\/wp-content\/uploads\/23-1174900_Image-Re-size-for-Poland-Publication-9x12-Stairs-1286x1536.jpg 1286w, https:\/\/beta.benjaminmoore.pl\/wp-content\/uploads\/23-1174900_Image-Re-size-for-Poland-Publication-9x12-Stairs-1715x2048.jpg 1715w, https:\/\/beta.benjaminmoore.pl\/wp-content\/uploads\/23-1174900_Image-Re-size-for-Poland-Publication-9x12-Stairs-600x717.jpg 600w\" sizes=\"auto, (max-width: 1800px) 100vw, 1800px\" \/><\/p>\n","protected":false},"excerpt":{"rendered":"<p style=\"text-align: justify;\">Farba nowej generacji, wyj\u0105tkowo odporna na plamy i brud z opatentowan\u0105 technologi\u0105 usuwania zabrudze\u0144 \u201eStain Release Technology\u201d. Najbardziej zmywalna i zawsze czysta!<\/p>\n","protected":false},"featured_media":10838,"template":"","meta":{"_acf_changed":false,"inline_featured_image":false},"product_brand":[],"product_cat":[28,36,41,46,47],"product_tag":[],"class_list":{"0":"post-10813","1":"product","2":"type-product","3":"status-publish","4":"has-post-thumbnail","6":"product_cat-wnetrza","7":"product_cat-farby","8":"product_cat-zero-plam-i-zabrudzen","9":"product_cat-farby-zmywalne","10":"product_cat-farby-matowe","12":"first","13":"instock","14":"taxable","15":"shipping-taxable","16":"purchasable","17":"product-type-variable"},"acf":[],"_links":{"self":[{"href":"https:\/\/beta.benjaminmoore.pl\/en\/wp-json\/wp\/v2\/product\/10813","targetHints":{"allow":["GET"]}}],"collection":[{"href":"https:\/\/beta.benjaminmoore.pl\/en\/wp-json\/wp\/v2\/product"}],"about":[{"href":"https:\/\/beta.benjaminmoore.pl\/en\/wp-json\/wp\/v2\/types\/product"}],"wp:featuredmedia":[{"embeddable":true,"href":"https:\/\/beta.benjaminmoore.pl\/en\/wp-json\/wp\/v2\/media\/10838"}],"wp:attachment":[{"href":"https:\/\/beta.benjaminmoore.pl\/en\/wp-json\/wp\/v2\/media?parent=10813"}],"wp:term":[{"taxonomy":"product_brand","embeddable":true,"href":"https:\/\/beta.benjaminmoore.pl\/en\/wp-json\/wp\/v2\/product_brand?post=10813"},{"taxonomy":"product_cat","embeddable":true,"href":"https:\/\/beta.benjaminmoore.pl\/en\/wp-json\/wp\/v2\/product_cat?post=10813"},{"taxonomy":"product_tag","embeddable":true,"href":"https:\/\/beta.benjaminmoore.pl\/en\/wp-json\/wp\/v2\/product_tag?post=10813"}],"curies":[{"name":"wp","href":"https:\/\/api.w.org\/{rel}","templated":true}]}}